{"id":13986,"date":"2024-01-09T11:03:04","date_gmt":"2024-01-09T11:03:04","guid":{"rendered":"https:\/\/refineoilpro.com\/contact\/"},"modified":"2025-10-23T17:42:08","modified_gmt":"2025-10-23T17:42:08","slug":"pongase-en-contacto-con","status":"publish","type":"page","link":"https:\/\/refineoilpro.com\/es\/pongase-en-contacto-con\/","title":{"rendered":"P\u00f3ngase en contacto con"},"content":{"rendered":"<div data-elementor-type=\"wp-page\" data-elementor-id=\"13986\" class=\"elementor elementor-13986\" data-elementor-settings=\"{&quot;element_pack_global_tooltip_width&quot;:{&quot;unit&quot;:&quot;px&quot;,&quot;size&quot;:&quot;&quot;,&quot;sizes&quot;:[]},&quot;element_pack_global_tooltip_width_tablet&quot;:{&quot;unit&quot;:&quot;px&quot;,&quot;size&quot;:&quot;&quot;,&quot;sizes&quot;:[]},&quot;element_pack_global_tooltip_width_mobile&quot;:{&quot;unit&quot;:&quot;px&quot;,&quot;size&quot;:&quot;&quot;,&quot;sizes&quot;:[]},&quot;element_pack_global_tooltip_padding&quot;:{&quot;unit&quot;:&quot;px&quot;,&quot;top&quot;:&quot;&quot;,&quot;right&quot;:&quot;&quot;,&quot;bottom&quot;:&quot;&quot;,&quot;left&quot;:&quot;&quot;,&quot;isLinked&quot;:true},&quot;element_pack_global_tooltip_padding_tablet&quot;:{&quot;unit&quot;:&quot;px&quot;,&quot;top&quot;:&quot;&quot;,&quot;right&quot;:&quot;&quot;,&quot;bottom&quot;:&quot;&quot;,&quot;left&quot;:&quot;&quot;,&quot;isLinked&quot;:true},&quot;element_pack_global_tooltip_padding_mobile&quot;:{&quot;unit&quot;:&quot;px&quot;,&quot;top&quot;:&quot;&quot;,&quot;right&quot;:&quot;&quot;,&quot;bottom&quot;:&quot;&quot;,&quot;left&quot;:&quot;&quot;,&quot;isLinked&quot;:true},&quot;element_pack_global_tooltip_border_radius&quot;:{&quot;unit&quot;:&quot;px&quot;,&quot;top&quot;:&quot;&quot;,&quot;right&quot;:&quot;&quot;,&quot;bottom&quot;:&quot;&quot;,&quot;left&quot;:&quot;&quot;,&quot;isLinked&quot;:true},&quot;element_pack_global_tooltip_border_radius_tablet&quot;:{&quot;unit&quot;:&quot;px&quot;,&quot;top&quot;:&quot;&quot;,&quot;right&quot;:&quot;&quot;,&quot;bottom&quot;:&quot;&quot;,&quot;left&quot;:&quot;&quot;,&quot;isLinked&quot;:true},&quot;element_pack_global_tooltip_border_radius_mobile&quot;:{&quot;unit&quot;:&quot;px&quot;,&quot;top&quot;:&quot;&quot;,&quot;right&quot;:&quot;&quot;,&quot;bottom&quot;:&quot;&quot;,&quot;left&quot;:&quot;&quot;,&quot;isLinked&quot;:true}}\" data-elementor-post-type=\"page\">\n\t\t\t\t<div class=\"elementor-element elementor-element-99b4819 e-con-full e-flex e-con e-parent\" data-id=\"99b4819\" data-element_type=\"container\" data-settings=\"{&quot;background_background&quot;:&quot;classic&quot;}\">\n\t\t<div class=\"elementor-element elementor-element-3789eac e-flex e-con-boxed e-con e-child\" data-id=\"3789eac\" data-element_type=\"container\">\n\t\t\t\t\t<div class=\"e-con-inner\">\n\t\t\t\t\t<\/div>\n\t\t\t\t<\/div>\n\t\t\t\t<\/div>\n\t\t<div class=\"elementor-element elementor-element-1569119 e-con-full e-flex e-con e-parent\" data-id=\"1569119\" data-element_type=\"container\" data-settings=\"{&quot;background_background&quot;:&quot;classic&quot;}\">\n\t\t<div class=\"elementor-element elementor-element-768cb75 e-flex e-con-boxed e-con e-child\" data-id=\"768cb75\" data-element_type=\"container\">\n\t\t\t\t\t<div class=\"e-con-inner\">\n\t\t\t\t<div class=\"elementor-element elementor-element-9d7ba9f elementor-widget__width-inherit split-breadcrumbs-y elementor-widget elementor-widget-the7-breadcrumb\" data-id=\"9d7ba9f\" data-element_type=\"widget\" data-widget_type=\"the7-breadcrumb.default\">\n\t\t\t\t<div class=\"elementor-widget-container\">\n\t\t\t\t\t<div class=\"assistive-text\">Est\u00e1s aqu\u00ed:<\/div><ol class=\"breadcrumbs text-small rcrumbs\" itemscope itemtype=\"https:\/\/schema.org\/BreadcrumbList\"><li itemprop=\"itemListElement\" itemscope itemtype=\"https:\/\/schema.org\/ListItem\"><a itemprop=\"item\" href=\"https:\/\/refineoilpro.com\/es\/\" title=\"Inicio\"><span itemprop=\"name\">Inicio<\/span><\/a><meta itemprop=\"position\" content=\"1\" \/><\/li><li class=\"current\" itemprop=\"itemListElement\" itemscope itemtype=\"https:\/\/schema.org\/ListItem\"><span itemprop=\"name\">P\u00e1gina<\/span><meta itemprop=\"position\" content=\"2\" \/><\/li><\/ol>\t\t\t\t<\/div>\n\t\t\t\t<\/div>\n\t\t\t\t\t<\/div>\n\t\t\t\t<\/div>\n\t\t\t\t<\/div>\n\t\t<div class=\"elementor-element elementor-element-42dcb07 e-con-full e-flex e-con e-parent\" data-id=\"42dcb07\" data-element_type=\"container\">\n\t\t<div class=\"elementor-element elementor-element-8b64365 e-flex e-con-boxed e-con e-child\" data-id=\"8b64365\" data-element_type=\"container\">\n\t\t\t\t\t<div class=\"e-con-inner\">\n\t\t<div class=\"elementor-element elementor-element-1836185 e-con-full e-flex e-con e-child\" data-id=\"1836185\" data-element_type=\"container\">\n\t\t\t\t<div class=\"elementor-element elementor-element-f8f2536 elementor-widget elementor-widget-the7-heading\" data-id=\"f8f2536\" data-element_type=\"widget\" data-widget_type=\"the7-heading.default\">\n\t\t\t\t<div class=\"elementor-widget-container\">\n\t\t\t\t\t<div class=\"the7-heading-title elementor-size-default\">Manteng\u00e1monos en contacto.<\/div>\t\t\t\t<\/div>\n\t\t\t\t<\/div>\n\t\t\t\t<div class=\"elementor-element elementor-element-afe62b4 elementor-widget elementor-widget-text-editor\" data-id=\"afe62b4\" data-element_type=\"widget\" data-widget_type=\"text-editor.default\">\n\t\t\t\t\t\t\t\t\tSiempre estamos dispuestos a ofrecerle orientaci\u00f3n profesional y soluciones para la maquinaria de procesamiento de aceite.\t\t\t\t\t\t\t\t<\/div>\n\t\t<div class=\"elementor-element elementor-element-7cdfd09 e-flex e-con-boxed e-con e-child\" data-id=\"7cdfd09\" data-element_type=\"container\">\n\t\t\t\t\t<div class=\"e-con-inner\">\n\t\t<div class=\"elementor-element elementor-element-0b6212f e-flex e-con-boxed e-con e-child\" data-id=\"0b6212f\" data-element_type=\"container\">\n\t\t\t\t\t<div class=\"e-con-inner\">\n\t\t\t\t<div class=\"elementor-element elementor-element-b437700 elementor-widget elementor-widget-the7-heading\" data-id=\"b437700\" data-element_type=\"widget\" data-widget_type=\"the7-heading.default\">\n\t\t\t\t<div class=\"elementor-widget-container\">\n\t\t\t\t\t<div class=\"the7-heading-title elementor-size-default\">Ll\u00e1manos<\/div>\t\t\t\t<\/div>\n\t\t\t\t<\/div>\n\t\t<div class=\"elementor-element elementor-element-a05b925 e-flex e-con-boxed e-con e-child\" data-id=\"a05b925\" data-element_type=\"container\">\n\t\t\t\t\t<div class=\"e-con-inner\">\n\t\t\t\t<div class=\"elementor-element elementor-element-9233da6 elementor-align-left elementor-widget elementor-widget-the7_icon_widget\" data-id=\"9233da6\" data-element_type=\"widget\" data-widget_type=\"the7_icon_widget.default\">\n\t\t\t\t<div class=\"elementor-widget-container\">\n\t\t\t\t\t<div class=\"the7-icon-wrapper the7-elementor-widget\"><div class=\"elementor-icon\"><svg xmlns=\"http:\/\/www.w3.org\/2000\/svg\" width=\"56\" height=\"56\" fill=\"#000000\" viewbox=\"0 0 256 256\"><path d=\"M204.73,51.85A108.07,108.07,0,0,0,20,128v56a28,28,0,0,0,28,28H64a28,28,0,0,0,28-28V144a28,28,0,0,0-28-28H44.84A84.05,84.05,0,0,1,128,44h.64a83.7,83.7,0,0,1,82.52,72H192a28,28,0,0,0-28,28v40a28,28,0,0,0,28,28h19.6A20,20,0,0,1,192,228H136a12,12,0,0,0,0,24h56a44.05,44.05,0,0,0,44-44V128A107.34,107.34,0,0,0,204.73,51.85ZM64,140a4,4,0,0,1,4,4v40a4,4,0,0,1-4,4H48a4,4,0,0,1-4-4V140Zm124,44V144a4,4,0,0,1,4-4h20v48H192A4,4,0,0,1,188,184Z\"><\/path><\/svg><\/div><\/div>\t\t\t\t<\/div>\n\t\t\t\t<\/div>\n\t\t\t\t<div class=\"elementor-element elementor-element-2eaa952 elementor-widget elementor-widget-text-editor\" data-id=\"2eaa952\" data-element_type=\"widget\" data-widget_type=\"text-editor.default\">\n\t\t\t\t\t\t\t\t\t<p>+86 16638156296<\/p>\t\t\t\t\t\t\t\t<\/div>\n\t\t\t\t\t<\/div>\n\t\t\t\t<\/div>\n\t\t\t\t\t<\/div>\n\t\t\t\t<\/div>\n\t\t<div class=\"elementor-element elementor-element-264ff0d e-flex e-con-boxed e-con e-child\" data-id=\"264ff0d\" data-element_type=\"container\">\n\t\t\t\t\t<div class=\"e-con-inner\">\n\t\t\t\t<div class=\"elementor-element elementor-element-f3ec296 elementor-widget elementor-widget-the7-heading\" data-id=\"f3ec296\" data-element_type=\"widget\" data-widget_type=\"the7-heading.default\">\n\t\t\t\t<div class=\"elementor-widget-container\">\n\t\t\t\t\t<div class=\"the7-heading-title elementor-size-default\">Correo electr\u00f3nico<\/div>\t\t\t\t<\/div>\n\t\t\t\t<\/div>\n\t\t\t\t<div class=\"elementor-element elementor-element-0ddfdbb elementor-widget elementor-widget-text-editor\" data-id=\"0ddfdbb\" data-element_type=\"widget\" data-widget_type=\"text-editor.default\">\n\t\t\t\t\t\t\t\t\t<a href=\"\/es\/sale3@olivetech.cn\/\">sale3@olivetech.cn<\/a>\t\t\t\t\t\t\t\t<\/div>\n\t\t\t\t\t<\/div>\n\t\t\t\t<\/div>\n\t\t<div class=\"elementor-element elementor-element-6e753e9 e-flex e-con-boxed e-con e-child\" data-id=\"6e753e9\" data-element_type=\"container\">\n\t\t\t\t\t<div class=\"e-con-inner\">\n\t\t\t\t<div class=\"elementor-element elementor-element-65085ad elementor-widget elementor-widget-the7-heading\" data-id=\"65085ad\" data-element_type=\"widget\" data-widget_type=\"the7-heading.default\">\n\t\t\t\t<div class=\"elementor-widget-container\">\n\t\t\t\t\t<div class=\"the7-heading-title elementor-size-default\">Horario de trabajo<\/div>\t\t\t\t<\/div>\n\t\t\t\t<\/div>\n\t\t\t\t<div class=\"elementor-element elementor-element-bf15d4e elementor-widget elementor-widget-text-editor\" data-id=\"bf15d4e\" data-element_type=\"widget\" data-widget_type=\"text-editor.default\">\n\t\t\t\t\t\t\t\t\t<p>Abierto de lunes a viernes de 8:00 a 20:00<br \/>Cerrado: s\u00e1bados, domingos y festivos<\/p>\t\t\t\t\t\t\t\t<\/div>\n\t\t\t\t\t<\/div>\n\t\t\t\t<\/div>\n\t\t<div class=\"elementor-element elementor-element-b24ecf4 e-flex e-con-boxed e-con e-child\" data-id=\"b24ecf4\" data-element_type=\"container\">\n\t\t\t\t\t<div class=\"e-con-inner\">\n\t\t\t\t<div class=\"elementor-element elementor-element-653d963 elementor-widget elementor-widget-the7-heading\" data-id=\"653d963\" data-element_type=\"widget\" data-widget_type=\"the7-heading.default\">\n\t\t\t\t<div class=\"elementor-widget-container\">\n\t\t\t\t\t<div class=\"the7-heading-title elementor-size-default\">Nuestra ubicaci\u00f3n<\/div>\t\t\t\t<\/div>\n\t\t\t\t<\/div>\n\t\t\t\t<div class=\"elementor-element elementor-element-ca1cc83 elementor-widget elementor-widget-text-editor\" data-id=\"ca1cc83\" data-element_type=\"widget\" data-widget_type=\"text-editor.default\">\n\t\t\t\t\t\t\t\t\tHenan Olive Technology Co., Ltd., Zhengzhou, Henan, China\t\t\t\t\t\t\t\t<\/div>\n\t\t\t\t\t<\/div>\n\t\t\t\t<\/div>\n\t\t\t\t\t<\/div>\n\t\t\t\t<\/div>\n\t\t\t\t<\/div>\n\t\t<div class=\"elementor-element elementor-element-a2cdb40 e-con-full e-flex e-con e-child\" data-id=\"a2cdb40\" data-element_type=\"container\">\n\t\t\t\t<div class=\"elementor-element elementor-element-86f8738 elementor-widget elementor-widget-bdt-contact-form-7\" data-id=\"86f8738\" data-element_type=\"widget\" data-widget_type=\"bdt-contact-form-7.default\">\n\t\t\t\t\t\n<div class=\"wpcf7 no-js\" id=\"wpcf7-f20246-o1\" lang=\"zh-CN\" dir=\"ltr\" data-wpcf7-id=\"20246\">\n<div class=\"screen-reader-response\"><p role=\"status\" aria-live=\"polite\" aria-atomic=\"true\"><\/p> <ul><\/ul><\/div>\n<form action=\"\/es\/wp-json\/wp\/v2\/pages\/13986#wpcf7-f20246-o1\" method=\"post\" class=\"wpcf7-form init\" aria-label=\"\u7559\u8a00\u8868\u5355\" novalidate=\"novalidate\" data-status=\"init\" data-trp-original-action=\"\/es\/wp-json\/wp\/v2\/pages\/13986#wpcf7-f20246-o1\">\n<fieldset class=\"hidden-fields-container\"><input type=\"hidden\" name=\"_wpcf7\" value=\"20246\" \/><input type=\"hidden\" name=\"_wpcf7_version\" value=\"6.1.2\" \/><input type=\"hidden\" name=\"_wpcf7_locale\" value=\"zh_CN\" \/><input type=\"hidden\" name=\"_wpcf7_unit_tag\" value=\"wpcf7-f20246-o1\" \/><input type=\"hidden\" name=\"_wpcf7_container_post\" value=\"0\" \/><input type=\"hidden\" name=\"_wpcf7_posted_data_hash\" value=\"\" \/>\n<\/fieldset>\n<p><label>Nombre<\/label><br \/>\n<span class=\"wpcf7-form-control-wrap\" data-name=\"your-name\"><input size=\"40\" maxlength=\"400\" class=\"wpcf7-form-control wpcf7-text wpcf7-validates-as-required\" aria-required=\"true\" aria-invalid=\"false\" placeholder=\"Nombre\" value=\"\" type=\"text\" name=\"your-name\" \/><\/span>\n<\/p>\n<p><label>Correo electr\u00f3nico<\/label><br \/>\n<span class=\"wpcf7-form-control-wrap\" data-name=\"your-email\"><input size=\"40\" maxlength=\"400\" class=\"wpcf7-form-control wpcf7-email wpcf7-validates-as-required wpcf7-text wpcf7-validates-as-email\" aria-required=\"true\" aria-invalid=\"false\" placeholder=\"Correo electr\u00f3nico\" value=\"\" type=\"email\" name=\"your-email\" \/><\/span>\n<\/p>\n<p><label>Tel\u00e9fono<\/label><br \/>\n<span class=\"wpcf7-form-control-wrap\" data-name=\"your-phone\"><input size=\"40\" maxlength=\"400\" class=\"wpcf7-form-control wpcf7-tel wpcf7-text wpcf7-validates-as-tel\" aria-invalid=\"false\" placeholder=\"Tel\u00e9fono\" value=\"\" type=\"tel\" name=\"your-phone\" \/><\/span>\n<\/p>\n<p><label>Mensaje<\/label><br \/>\n<span class=\"wpcf7-form-control-wrap\" data-name=\"your-message\"><textarea cols=\"40\" rows=\"10\" maxlength=\"2000\" class=\"wpcf7-form-control wpcf7-textarea\" aria-invalid=\"false\" placeholder=\"Mensaje\" name=\"your-message\"><\/textarea><\/span>\n<\/p>\n<p><input class=\"wpcf7-form-control wpcf7-submit has-spinner\" type=\"submit\" value=\"Enviar mensaje\" \/>\n<\/p><div class=\"wpcf7-response-output\" aria-hidden=\"true\"><\/div>\n<input type=\"hidden\" name=\"trp-form-language\" value=\"es\"\/><\/form>\n<\/div>\n\t\t\t\t<\/div>\n\t\t\t\t<\/div>\n\t\t\t\t\t<\/div>\n\t\t\t\t<\/div>\n\t\t\t\t<\/div>\n\t\t\t\t<\/div>","protected":false},"excerpt":{"rendered":"<p>\u60a8\u5728\u8fd9\u91cc\uff1a \u9996\u9875 \u9875\u9762 \u00a1Manteng\u00e1monos en contacto! Siempre estamos dispuestos a ofrecerle orientaci\u00f3n profesional y soluciones para la maquinaria de procesamiento de aceite. Ll\u00e1menos +86 16638156296 Correo electr\u00f3nico sale3@olivetech.cn Horas de trabajo Abierto - Lun-Vie 8:00-20:00Cerrado - S\u00e1b-Dom y festivos Nuestra ubicaci\u00f3n Henan Olive Technology Co, Ltd., Zhengzhou, Henan, China.<\/p>","protected":false},"author":1,"featured_media":0,"parent":0,"menu_order":80,"comment_status":"closed","ping_status":"open","template":"","meta":{"_acf_changed":false,"footnotes":""},"class_list":["post-13986","page","type-page","status-publish","hentry"],"acf":[],"yoast_head":"<!-- This site is optimized with the Yoast SEO Premium plugin v26.6 (Yoast SEO v26.6) - https:\/\/yoast.com\/wordpress\/plugins\/seo\/ -->\n<title>Contact - Henan Olive Technology Co., Ltd.<\/title>\n<meta name=\"robots\" content=\"index, follow, max-snippet:-1, max-image-preview:large, max-video-preview:-1\" \/>\n<link rel=\"canonical\" href=\"https:\/\/refineoilpro.com\/es\/pongase-en-contacto-con\/\" \/>\n<meta property=\"og:locale\" content=\"es_ES\" \/>\n<meta property=\"og:type\" content=\"article\" \/>\n<meta property=\"og:title\" content=\"Contact\" \/>\n<meta property=\"og:description\" content=\"\u60a8\u5728\u8fd9\u91cc\uff1a \u9996\u9875 \u9875\u9762 Let\u2019s keep in touch! We are always ready to provide you with professional guidance and solutions for oil processing machinery. Call us +86 16638156296 Email sale3@olivetech.cn Working hours Open \u2013 Mon-Fri 8:00-20:00Closed \u2013 Sat-Sun and Public Holidays Our location Henan Olive Technology Co., Ltd., Zhengzhou, Henan, China\" \/>\n<meta property=\"og:url\" content=\"https:\/\/refineoilpro.com\/es\/pongase-en-contacto-con\/\" \/>\n<meta property=\"og:site_name\" content=\"Henan Olive Technology Co., Ltd.\" \/>\n<meta property=\"article:modified_time\" content=\"2025-10-23T17:42:08+00:00\" \/>\n<meta name=\"twitter:card\" content=\"summary_large_image\" \/>\n<script type=\"application\/ld+json\" class=\"yoast-schema-graph\">{\"@context\":\"https:\/\/schema.org\",\"@graph\":[{\"@type\":\"WebPage\",\"@id\":\"https:\/\/refineoilpro.com\/zh\/%e8%81%94%e7%b3%bb\/\",\"url\":\"https:\/\/refineoilpro.com\/zh\/%e8%81%94%e7%b3%bb\/\",\"name\":\"Contact - Henan Olive Technology Co., Ltd.\",\"isPartOf\":{\"@id\":\"https:\/\/refineoilpro.com\/#website\"},\"datePublished\":\"2024-01-09T11:03:04+00:00\",\"dateModified\":\"2025-10-23T17:42:08+00:00\",\"breadcrumb\":{\"@id\":\"https:\/\/refineoilpro.com\/zh\/%e8%81%94%e7%b3%bb\/#breadcrumb\"},\"inLanguage\":\"es\",\"potentialAction\":[{\"@type\":\"ReadAction\",\"target\":[\"https:\/\/refineoilpro.com\/zh\/%e8%81%94%e7%b3%bb\/\"]}]},{\"@type\":\"BreadcrumbList\",\"@id\":\"https:\/\/refineoilpro.com\/zh\/%e8%81%94%e7%b3%bb\/#breadcrumb\",\"itemListElement\":[{\"@type\":\"ListItem\",\"position\":1,\"name\":\"Home\",\"item\":\"https:\/\/refineoilpro.com\/\"},{\"@type\":\"ListItem\",\"position\":2,\"name\":\"Contact\"}]},{\"@type\":\"WebSite\",\"@id\":\"https:\/\/refineoilpro.com\/#website\",\"url\":\"https:\/\/refineoilpro.com\/\",\"name\":\"Henan Olive Technology Co., Ltd.\",\"description\":\"Reliable Machinery Solutions for Food, Agriculture &amp; Packaging\",\"publisher\":{\"@id\":\"https:\/\/refineoilpro.com\/#organization\"},\"potentialAction\":[{\"@type\":\"SearchAction\",\"target\":{\"@type\":\"EntryPoint\",\"urlTemplate\":\"https:\/\/refineoilpro.com\/?s={search_term_string}\"},\"query-input\":{\"@type\":\"PropertyValueSpecification\",\"valueRequired\":true,\"valueName\":\"search_term_string\"}}],\"inLanguage\":\"es\"},{\"@type\":\"Organization\",\"@id\":\"https:\/\/refineoilpro.com\/#organization\",\"name\":\"Henan Olive Technology Co., Ltd.\",\"url\":\"https:\/\/refineoilpro.com\/\",\"logo\":{\"@type\":\"ImageObject\",\"inLanguage\":\"es\",\"@id\":\"https:\/\/refineoilpro.com\/#\/schema\/logo\/image\/\",\"url\":\"https:\/\/refineoilpro.com\/wp-content\/uploads\/2025\/12\/\u516c\u53f8Logo.png\",\"contentUrl\":\"https:\/\/refineoilpro.com\/wp-content\/uploads\/2025\/12\/\u516c\u53f8Logo.png\",\"width\":375,\"height\":375,\"caption\":\"Henan Olive Technology Co., Ltd.\"},\"image\":{\"@id\":\"https:\/\/refineoilpro.com\/#\/schema\/logo\/image\/\"}}]}<\/script>\n<!-- \/ Yoast SEO Premium plugin. -->","yoast_head_json":{"title":"Contacto - Henan Olive Technology Co.","robots":{"index":"index","follow":"follow","max-snippet":"max-snippet:-1","max-image-preview":"max-image-preview:large","max-video-preview":"max-video-preview:-1"},"canonical":"https:\/\/refineoilpro.com\/es\/pongase-en-contacto-con\/","og_locale":"es_ES","og_type":"article","og_title":"Contact","og_description":"\u60a8\u5728\u8fd9\u91cc\uff1a \u9996\u9875 \u9875\u9762 Let\u2019s keep in touch! We are always ready to provide you with professional guidance and solutions for oil processing machinery. Call us +86 16638156296 Email sale3@olivetech.cn Working hours Open \u2013 Mon-Fri 8:00-20:00Closed \u2013 Sat-Sun and Public Holidays Our location Henan Olive Technology Co., Ltd., Zhengzhou, Henan, China","og_url":"https:\/\/refineoilpro.com\/es\/pongase-en-contacto-con\/","og_site_name":"Henan Olive Technology Co., Ltd.","article_modified_time":"2025-10-23T17:42:08+00:00","twitter_card":"summary_large_image","schema":{"@context":"https:\/\/schema.org","@graph":[{"@type":"WebPage","@id":"https:\/\/refineoilpro.com\/zh\/%e8%81%94%e7%b3%bb\/","url":"https:\/\/refineoilpro.com\/zh\/%e8%81%94%e7%b3%bb\/","name":"Contacto - Henan Olive Technology Co.","isPartOf":{"@id":"https:\/\/refineoilpro.com\/#website"},"datePublished":"2024-01-09T11:03:04+00:00","dateModified":"2025-10-23T17:42:08+00:00","breadcrumb":{"@id":"https:\/\/refineoilpro.com\/zh\/%e8%81%94%e7%b3%bb\/#breadcrumb"},"inLanguage":"es","potentialAction":[{"@type":"ReadAction","target":["https:\/\/refineoilpro.com\/zh\/%e8%81%94%e7%b3%bb\/"]}]},{"@type":"BreadcrumbList","@id":"https:\/\/refineoilpro.com\/zh\/%e8%81%94%e7%b3%bb\/#breadcrumb","itemListElement":[{"@type":"ListItem","position":1,"name":"Home","item":"https:\/\/refineoilpro.com\/"},{"@type":"ListItem","position":2,"name":"Contact"}]},{"@type":"WebSite","@id":"https:\/\/refineoilpro.com\/#website","url":"https:\/\/refineoilpro.com\/","name":"Henan Olive Technology Co.","description":"Soluciones de maquinaria fiables para alimentaci\u00f3n, agricultura y envasado","publisher":{"@id":"https:\/\/refineoilpro.com\/#organization"},"potentialAction":[{"@type":"SearchAction","target":{"@type":"EntryPoint","urlTemplate":"https:\/\/refineoilpro.com\/?s={search_term_string}"},"query-input":{"@type":"PropertyValueSpecification","valueRequired":true,"valueName":"search_term_string"}}],"inLanguage":"es"},{"@type":"Organization","@id":"https:\/\/refineoilpro.com\/#organization","name":"Henan Olive Technology Co.","url":"https:\/\/refineoilpro.com\/","logo":{"@type":"ImageObject","inLanguage":"es","@id":"https:\/\/refineoilpro.com\/#\/schema\/logo\/image\/","url":"https:\/\/refineoilpro.com\/wp-content\/uploads\/2025\/12\/\u516c\u53f8Logo.png","contentUrl":"https:\/\/refineoilpro.com\/wp-content\/uploads\/2025\/12\/\u516c\u53f8Logo.png","width":375,"height":375,"caption":"Henan Olive Technology Co., Ltd."},"image":{"@id":"https:\/\/refineoilpro.com\/#\/schema\/logo\/image\/"}}]}},"_hostinger_reach_plugin_has_subscription_block":false,"_hostinger_reach_plugin_is_elementor":false,"_links":{"self":[{"href":"https:\/\/refineoilpro.com\/es\/wp-json\/wp\/v2\/pages\/13986","targetHints":{"allow":["GET"]}}],"collection":[{"href":"https:\/\/refineoilpro.com\/es\/wp-json\/wp\/v2\/pages"}],"about":[{"href":"https:\/\/refineoilpro.com\/es\/wp-json\/wp\/v2\/types\/page"}],"author":[{"embeddable":true,"href":"https:\/\/refineoilpro.com\/es\/wp-json\/wp\/v2\/users\/1"}],"replies":[{"embeddable":true,"href":"https:\/\/refineoilpro.com\/es\/wp-json\/wp\/v2\/comments?post=13986"}],"version-history":[{"count":27,"href":"https:\/\/refineoilpro.com\/es\/wp-json\/wp\/v2\/pages\/13986\/revisions"}],"predecessor-version":[{"id":20417,"href":"https:\/\/refineoilpro.com\/es\/wp-json\/wp\/v2\/pages\/13986\/revisions\/20417"}],"wp:attachment":[{"href":"https:\/\/refineoilpro.com\/es\/wp-json\/wp\/v2\/media?parent=13986"}],"curies":[{"name":"wp","href":"https:\/\/api.w.org\/{rel}","templated":true}]}}