{"id":19702,"date":"2025-10-12T08:58:36","date_gmt":"2025-10-12T08:58:36","guid":{"rendered":"https:\/\/refineoilpro.com\/?page_id=19702"},"modified":"2025-10-31T03:16:35","modified_gmt":"2025-10-31T03:16:35","slug":"preguntas-frecuentes","status":"publish","type":"page","link":"https:\/\/refineoilpro.com\/es\/preguntas-frecuentes\/","title":{"rendered":"Preguntas frecuentes"},"content":{"rendered":"<div data-elementor-type=\"wp-page\" data-elementor-id=\"19702\" class=\"elementor elementor-19702\" data-elementor-settings=\"{&quot;element_pack_global_tooltip_width&quot;:{&quot;unit&quot;:&quot;px&quot;,&quot;size&quot;:&quot;&quot;,&quot;sizes&quot;:[]},&quot;element_pack_global_tooltip_width_tablet&quot;:{&quot;unit&quot;:&quot;px&quot;,&quot;size&quot;:&quot;&quot;,&quot;sizes&quot;:[]},&quot;element_pack_global_tooltip_width_mobile&quot;:{&quot;unit&quot;:&quot;px&quot;,&quot;size&quot;:&quot;&quot;,&quot;sizes&quot;:[]},&quot;element_pack_global_tooltip_padding&quot;:{&quot;unit&quot;:&quot;px&quot;,&quot;top&quot;:&quot;&quot;,&quot;right&quot;:&quot;&quot;,&quot;bottom&quot;:&quot;&quot;,&quot;left&quot;:&quot;&quot;,&quot;isLinked&quot;:true},&quot;element_pack_global_tooltip_padding_tablet&quot;:{&quot;unit&quot;:&quot;px&quot;,&quot;top&quot;:&quot;&quot;,&quot;right&quot;:&quot;&quot;,&quot;bottom&quot;:&quot;&quot;,&quot;left&quot;:&quot;&quot;,&quot;isLinked&quot;:true},&quot;element_pack_global_tooltip_padding_mobile&quot;:{&quot;unit&quot;:&quot;px&quot;,&quot;top&quot;:&quot;&quot;,&quot;right&quot;:&quot;&quot;,&quot;bottom&quot;:&quot;&quot;,&quot;left&quot;:&quot;&quot;,&quot;isLinked&quot;:true},&quot;element_pack_global_tooltip_border_radius&quot;:{&quot;unit&quot;:&quot;px&quot;,&quot;top&quot;:&quot;&quot;,&quot;right&quot;:&quot;&quot;,&quot;bottom&quot;:&quot;&quot;,&quot;left&quot;:&quot;&quot;,&quot;isLinked&quot;:true},&quot;element_pack_global_tooltip_border_radius_tablet&quot;:{&quot;unit&quot;:&quot;px&quot;,&quot;top&quot;:&quot;&quot;,&quot;right&quot;:&quot;&quot;,&quot;bottom&quot;:&quot;&quot;,&quot;left&quot;:&quot;&quot;,&quot;isLinked&quot;:true},&quot;element_pack_global_tooltip_border_radius_mobile&quot;:{&quot;unit&quot;:&quot;px&quot;,&quot;top&quot;:&quot;&quot;,&quot;right&quot;:&quot;&quot;,&quot;bottom&quot;:&quot;&quot;,&quot;left&quot;:&quot;&quot;,&quot;isLinked&quot;:true}}\" data-elementor-post-type=\"page\">\n\t\t\t\t<div class=\"elementor-element elementor-element-170f9ce e-con-full e-flex e-con e-parent\" data-id=\"170f9ce\" data-element_type=\"container\" data-settings=\"{&quot;background_background&quot;:&quot;classic&quot;}\">\n\t\t<div class=\"elementor-element elementor-element-b5e3850 e-flex e-con-boxed e-con e-child\" data-id=\"b5e3850\" data-element_type=\"container\">\n\t\t\t\t\t<div class=\"e-con-inner\">\n\t\t\t\t\t<\/div>\n\t\t\t\t<\/div>\n\t\t\t\t<\/div>\n\t\t<div class=\"elementor-element elementor-element-83c79e9 e-con-full e-flex e-con e-parent\" data-id=\"83c79e9\" data-element_type=\"container\" data-settings=\"{&quot;background_background&quot;:&quot;classic&quot;}\">\n\t\t<div class=\"elementor-element elementor-element-a401244 e-flex e-con-boxed e-con e-child\" data-id=\"a401244\" data-element_type=\"container\">\n\t\t\t\t\t<div class=\"e-con-inner\">\n\t\t\t\t<div class=\"elementor-element elementor-element-09d4ca5 elementor-widget__width-inherit split-breadcrumbs-y elementor-widget elementor-widget-the7-breadcrumb\" data-id=\"09d4ca5\" data-element_type=\"widget\" data-widget_type=\"the7-breadcrumb.default\">\n\t\t\t\t<div class=\"elementor-widget-container\">\n\t\t\t\t\t<div class=\"assistive-text\">Est\u00e1s aqu\u00ed:<\/div><ol class=\"breadcrumbs text-small rcrumbs\" itemscope itemtype=\"https:\/\/schema.org\/BreadcrumbList\"><li itemprop=\"itemListElement\" itemscope itemtype=\"https:\/\/schema.org\/ListItem\"><a itemprop=\"item\" href=\"https:\/\/refineoilpro.com\/es\/\" title=\"Inicio\"><span itemprop=\"name\">Inicio<\/span><\/a><meta itemprop=\"position\" content=\"1\" \/><\/li><li class=\"current\" itemprop=\"itemListElement\" itemscope itemtype=\"https:\/\/schema.org\/ListItem\"><span itemprop=\"name\">P\u00e1gina<\/span><meta itemprop=\"position\" content=\"2\" \/><\/li><\/ol>\t\t\t\t<\/div>\n\t\t\t\t<\/div>\n\t\t\t\t\t<\/div>\n\t\t\t\t<\/div>\n\t\t\t\t<\/div>\n\t\t<div class=\"elementor-element elementor-element-2d0d3f0 e-con-full e-flex e-con e-parent\" data-id=\"2d0d3f0\" data-element_type=\"container\" data-settings=\"{&quot;background_background&quot;:&quot;classic&quot;}\">\n\t\t<div class=\"elementor-element elementor-element-a77f2f2 e-flex e-con-boxed e-con e-child\" data-id=\"a77f2f2\" data-element_type=\"container\">\n\t\t\t\t\t<div class=\"e-con-inner\">\n\t\t\t\t<div class=\"elementor-element elementor-element-53f08c6 elementor-widget elementor-widget-heading\" data-id=\"53f08c6\" data-element_type=\"widget\" data-widget_type=\"heading.default\">\n\t\t\t\t\t<h2 class=\"elementor-heading-title elementor-size-default\">Preguntas frecuentes<\/h2>\t\t\t\t<\/div>\n\t\t\t\t<div class=\"elementor-element elementor-element-96e2623 elementor-widget elementor-widget-text-editor\" data-id=\"96e2623\" data-element_type=\"widget\" data-widget_type=\"text-editor.default\">\n\t\t\t\t\t\t\t\t\t<p>A continuaci\u00f3n encontrar\u00e1 respuestas a las preguntas m\u00e1s frecuentes. Si no encuentra lo que busca, p\u00f3ngase en contacto con nosotros por correo electr\u00f3nico: <a style=\"color: blue;\" href=\"mailto:sale5@olivetech.cn\">sale5@olivetech.cn<\/a>y nos pondremos en contacto con usted en menos de 24 horas.<\/p>\t\t\t\t\t\t\t\t<\/div>\n\t\t\t\t\t<\/div>\n\t\t\t\t<\/div>\n\t\t\t\t<\/div>\n\t\t<div class=\"elementor-element elementor-element-46f811d e-con-full e-flex e-con e-parent\" data-id=\"46f811d\" data-element_type=\"container\">\n\t\t<div class=\"elementor-element elementor-element-5644876 e-con-full e-flex e-con e-child\" data-id=\"5644876\" data-element_type=\"container\">\n\t\t<div class=\"elementor-element elementor-element-3e68958 e-con-full e-flex e-con e-child\" data-id=\"3e68958\" data-element_type=\"container\">\n\t\t\t\t<div class=\"elementor-element elementor-element-48da3a3 elementor-hidden-mobile elementor-widget elementor-widget-image\" data-id=\"48da3a3\" data-element_type=\"widget\" data-widget_type=\"image.default\">\n\t\t\t\t\t\t\t\t\t\t\t\t\t\t\t<img fetchpriority=\"high\" decoding=\"async\" width=\"570\" height=\"466\" src=\"https:\/\/refineoilpro.com\/wp-content\/uploads\/2025\/10\/pathway-faqs-picture.png\" class=\"attachment-large size-large wp-image-19704\" alt=\"\" srcset=\"https:\/\/refineoilpro.com\/wp-content\/uploads\/2025\/10\/pathway-faqs-picture.png 570w, https:\/\/refineoilpro.com\/wp-content\/uploads\/2025\/10\/pathway-faqs-picture-300x245.png 300w, https:\/\/refineoilpro.com\/wp-content\/uploads\/2025\/10\/pathway-faqs-picture-15x12.png 15w\" sizes=\"(max-width: 570px) 100vw, 570px\" \/>\t\t\t\t\t\t\t\t\t\t\t\t\t\t\t<\/div>\n\t\t\t\t<\/div>\n\t\t<div class=\"elementor-element elementor-element-45dccff e-con-full e-flex e-con e-child\" data-id=\"45dccff\" data-element_type=\"container\">\n\t\t\t\t<div class=\"elementor-element elementor-element-648d127 elementor-widget elementor-widget-bdt-accordion\" data-id=\"648d127\" data-element_type=\"widget\" data-widget_type=\"bdt-accordion.default\">\n\t\t\t\t\t\t\t<div class=\"bdt-ep-accordion-container\">\n\t\t\t<div id=\"bdt-ep-accordion-648d127\" class=\"bdt-ep-accordion bdt-accordion\" data-bdt-accordion=\"{&quot;collapsible&quot;:false,&quot;multiple&quot;:false,&quot;transition&quot;:&quot;ease-in-out&quot;}\" \t\tdata-settings=\"{&quot;id&quot;:&quot;bdt-ep-accordion-648d127&quot;,&quot;activeHash&quot;:&quot;no&quot;,&quot;activeScrollspy&quot;:null,&quot;hashTopOffset&quot;:false,&quot;hashScrollspyTime&quot;:false,&quot;closeAllItemsOnMobile&quot;:false}\">\n\t\t\t\t\t\t\t\t\t<div class=\"bdt-ep-accordion-item\">\n\t\t\t\t\t\t<div\t\t\t\t\t\t\tclass=\"bdt-ep-accordion-title bdt-accordion-title bdt-flex bdt-flex-middle\" id=\"bdt-ep-accordion-what-types-of-oil-press-machines-do-you-manufacture\"\n\t\t\t\t\t\t\tdata-accordion-index=\"0\" data-title=\"what-types-of-oil-press-machines-do-you-manufacture\">\n\n\t\t\t\t\t\t\t\n\t\t\t\t\t\t\t<span role=\"heading\" class=\"bdt-ep-title-text bdt-flex-inline bdt-flex-middle\" >\n\n\t\t\t\t\t\t\t\t\t\t\t\t\t\t\t\t\u00bfQu\u00e9 tipos de prensas de aceite fabrican?\t\t\t\t\t\t\t<\/span>\n\n\t\t\t\t\t\t<\/div>\n\t\t\t\t\t\t<div class=\"bdt-ep-accordion-content bdt-accordion-content\">\n\t\t\t\t\t\t\t<p>Producimos una amplia gama de m\u00e1quinas de prensado de aceite, incluidas prensas de aceite de tornillo, prensas de aceite hidr\u00e1ulicas y prensas de aceite totalmente autom\u00e1ticas adecuadas para diversas semillas oleaginosas y capacidades de producci\u00f3n.<\/p>\t\t\t\t\t\t<\/div>\n\t\t\t\t\t<\/div>\n\t\t\t\t\t\t\t\t\t<div class=\"bdt-ep-accordion-item\">\n\t\t\t\t\t\t<div\t\t\t\t\t\t\tclass=\"bdt-ep-accordion-title bdt-accordion-title bdt-flex bdt-flex-middle\" id=\"bdt-ep-accordion-what-oil-refining-equipment-do-you-offer\"\n\t\t\t\t\t\t\tdata-accordion-index=\"1\" data-title=\"what-oil-refining-equipment-do-you-offer\">\n\n\t\t\t\t\t\t\t\n\t\t\t\t\t\t\t<span role=\"heading\" class=\"bdt-ep-title-text bdt-flex-inline bdt-flex-middle\" >\n\n\t\t\t\t\t\t\t\t\t\t\t\t\t\t\t\t\u00bfQu\u00e9 equipos de refinado de petr\u00f3leo ofrecen?\t\t\t\t\t\t\t<\/span>\n\n\t\t\t\t\t\t<\/div>\n\t\t\t\t\t\t<div class=\"bdt-ep-accordion-content bdt-accordion-content\">\n\t\t\t\t\t\t\t<p>Nuestros equipos de refinado abarcan sistemas discontinuos, semicontinuos y totalmente continuos. Incluyen unidades de desgomado, desacidificaci\u00f3n, blanqueo y desodorizaci\u00f3n, adecuadas para refinar el petr\u00f3leo crudo y convertirlo en aceite comestible.<\/p>\t\t\t\t\t\t<\/div>\n\t\t\t\t\t<\/div>\n\t\t\t\t\t\t\t\t\t<div class=\"bdt-ep-accordion-item\">\n\t\t\t\t\t\t<div\t\t\t\t\t\t\tclass=\"bdt-ep-accordion-title bdt-accordion-title bdt-flex bdt-flex-middle\" id=\"bdt-ep-accordion-can-you-provide-customized-production-lines\"\n\t\t\t\t\t\t\tdata-accordion-index=\"2\" data-title=\"can-you-provide-customized-production-lines\">\n\n\t\t\t\t\t\t\t\n\t\t\t\t\t\t\t<span role=\"heading\" class=\"bdt-ep-title-text bdt-flex-inline bdt-flex-middle\" >\n\n\t\t\t\t\t\t\t\t\t\t\t\t\t\t\t\t\u00bfPueden ofrecer l\u00edneas de producci\u00f3n personalizadas?\t\t\t\t\t\t\t<\/span>\n\n\t\t\t\t\t\t<\/div>\n\t\t\t\t\t\t<div class=\"bdt-ep-accordion-content bdt-accordion-content\">\n\t\t\t\t\t\t\t<p>S\u00ed, ofrecemos l\u00edneas de producci\u00f3n a medida para prensado en caliente, prensado en fr\u00edo, aguacate, coco, cacao y otras semillas oleaginosas. Tambi\u00e9n podemos incluir equipos auxiliares como tostadoras, filtros, elevadores y m\u00e1quinas de llenado.<\/p>\t\t\t\t\t\t<\/div>\n\t\t\t\t\t<\/div>\n\t\t\t\t\t\t\t\t\t<div class=\"bdt-ep-accordion-item\">\n\t\t\t\t\t\t<div\t\t\t\t\t\t\tclass=\"bdt-ep-accordion-title bdt-accordion-title bdt-flex bdt-flex-middle\" id=\"bdt-ep-accordion-what-is-your-minimum-order-quantity-moq\"\n\t\t\t\t\t\t\tdata-accordion-index=\"3\" data-title=\"what-is-your-minimum-order-quantity-moq\">\n\n\t\t\t\t\t\t\t\n\t\t\t\t\t\t\t<span role=\"heading\" class=\"bdt-ep-title-text bdt-flex-inline bdt-flex-middle\" >\n\n\t\t\t\t\t\t\t\t\t\t\t\t\t\t\t\t\u00bfCu\u00e1l es la cantidad m\u00ednima de pedido?\t\t\t\t\t\t\t<\/span>\n\n\t\t\t\t\t\t<\/div>\n\t\t\t\t\t\t<div class=\"bdt-ep-accordion-content bdt-accordion-content\">\n\t\t\t\t\t\t\t<p>El MOQ depende del tipo de producto. Para la mayor\u00eda de las m\u00e1quinas, se aceptan incluso pedidos de una sola unidad. En el caso de las l\u00edneas de producci\u00f3n completas, el MOQ se discutir\u00e1 en funci\u00f3n de la configuraci\u00f3n del equipo.<\/p>\t\t\t\t\t\t<\/div>\n\t\t\t\t\t<\/div>\n\t\t\t\t\t\t\t\t\t<div class=\"bdt-ep-accordion-item\">\n\t\t\t\t\t\t<div\t\t\t\t\t\t\tclass=\"bdt-ep-accordion-title bdt-accordion-title bdt-flex bdt-flex-middle\" id=\"bdt-ep-accordion-do-you-support-oemodm-services\"\n\t\t\t\t\t\t\tdata-accordion-index=\"4\" data-title=\"do-you-support-oem-odm-services\">\n\n\t\t\t\t\t\t\t\n\t\t\t\t\t\t\t<span role=\"heading\" class=\"bdt-ep-title-text bdt-flex-inline bdt-flex-middle\" >\n\n\t\t\t\t\t\t\t\t\t\t\t\t\t\t\t\t\u00bfApoyan los servicios OEM\/ODM?\t\t\t\t\t\t\t<\/span>\n\n\t\t\t\t\t\t<\/div>\n\t\t\t\t\t\t<div class=\"bdt-ep-accordion-content bdt-accordion-content\">\n\t\t\t\t\t\t\t<p>S\u00ed, ofrecemos servicios completos de OEM y ODM, incluida la personalizaci\u00f3n del material, el color, el logotipo, la capacidad y el embalaje.<\/p>\t\t\t\t\t\t<\/div>\n\t\t\t\t\t<\/div>\n\t\t\t\t\t\t\t\t\t<div class=\"bdt-ep-accordion-item\">\n\t\t\t\t\t\t<div\t\t\t\t\t\t\tclass=\"bdt-ep-accordion-title bdt-accordion-title bdt-flex bdt-flex-middle\" id=\"bdt-ep-accordion-how-do-you-ensure-product-quality\"\n\t\t\t\t\t\t\tdata-accordion-index=\"5\" data-title=\"how-do-you-ensure-product-quality\">\n\n\t\t\t\t\t\t\t\n\t\t\t\t\t\t\t<span role=\"heading\" class=\"bdt-ep-title-text bdt-flex-inline bdt-flex-middle\" >\n\n\t\t\t\t\t\t\t\t\t\t\t\t\t\t\t\t\u00bfC\u00f3mo garantizan la calidad del producto?\t\t\t\t\t\t\t<\/span>\n\n\t\t\t\t\t\t<\/div>\n\t\t\t\t\t\t<div class=\"bdt-ep-accordion-content bdt-accordion-content\">\n\t\t\t\t\t\t\t<p>Controlamos cada paso, desde la selecci\u00f3n de la materia prima hasta el mecanizado y el montaje. Todas las m\u00e1quinas se someten a m\u00faltiples inspecciones y pruebas de rendimiento antes de su env\u00edo.<\/p>\t\t\t\t\t\t<\/div>\n\t\t\t\t\t<\/div>\n\t\t\t\t\t\t\t\t\t<div class=\"bdt-ep-accordion-item\">\n\t\t\t\t\t\t<div\t\t\t\t\t\t\tclass=\"bdt-ep-accordion-title bdt-accordion-title bdt-flex bdt-flex-middle\" id=\"bdt-ep-accordion-do-you-provide-installation-and-training-services\"\n\t\t\t\t\t\t\tdata-accordion-index=\"6\" data-title=\"do-you-provide-installation-and-training-services\">\n\n\t\t\t\t\t\t\t\n\t\t\t\t\t\t\t<span role=\"heading\" class=\"bdt-ep-title-text bdt-flex-inline bdt-flex-middle\" >\n\n\t\t\t\t\t\t\t\t\t\t\t\t\t\t\t\t\u00bfOfrecen servicios de instalaci\u00f3n y formaci\u00f3n?\t\t\t\t\t\t\t<\/span>\n\n\t\t\t\t\t\t<\/div>\n\t\t\t\t\t\t<div class=\"bdt-ep-accordion-content bdt-accordion-content\">\n\t\t\t\t\t\t\t<p>S\u00ed, proporcionamos asesoramiento profesional, incluida la instalaci\u00f3n, la puesta en marcha y la formaci\u00f3n de los operarios, para garantizar el buen funcionamiento de los equipos.<\/p>\t\t\t\t\t\t<\/div>\n\t\t\t\t\t<\/div>\n\t\t\t\t\t\t\t\t\t<div class=\"bdt-ep-accordion-item\">\n\t\t\t\t\t\t<div\t\t\t\t\t\t\tclass=\"bdt-ep-accordion-title bdt-accordion-title bdt-flex bdt-flex-middle\" id=\"bdt-ep-accordion-what-is-the-warranty-period\"\n\t\t\t\t\t\t\tdata-accordion-index=\"7\" data-title=\"what-is-the-warranty-period\">\n\n\t\t\t\t\t\t\t\n\t\t\t\t\t\t\t<span role=\"heading\" class=\"bdt-ep-title-text bdt-flex-inline bdt-flex-middle\" >\n\n\t\t\t\t\t\t\t\t\t\t\t\t\t\t\t\t\u00bfCu\u00e1l es el periodo de garant\u00eda?\t\t\t\t\t\t\t<\/span>\n\n\t\t\t\t\t\t<\/div>\n\t\t\t\t\t\t<div class=\"bdt-ep-accordion-content bdt-accordion-content\">\n\t\t\t\t\t\t\t<p>Todas las m\u00e1quinas tienen una garant\u00eda de 12 meses. Tambi\u00e9n proporcionamos piezas de repuesto y asistencia t\u00e9cnica para garantizar un servicio a largo plazo.<\/p>\t\t\t\t\t\t<\/div>\n\t\t\t\t\t<\/div>\n\t\t\t\t\t\t\t\t\t<div class=\"bdt-ep-accordion-item\">\n\t\t\t\t\t\t<div\t\t\t\t\t\t\tclass=\"bdt-ep-accordion-title bdt-accordion-title bdt-flex bdt-flex-middle\" id=\"bdt-ep-accordion-how-long-does-it-take-to-receive-a-customized-machine-or-production-line\"\n\t\t\t\t\t\t\tdata-accordion-index=\"8\" data-title=\"how-long-does-it-take-to-receive-a-customized-machine-or-production-line\">\n\n\t\t\t\t\t\t\t\n\t\t\t\t\t\t\t<span role=\"heading\" class=\"bdt-ep-title-text bdt-flex-inline bdt-flex-middle\" >\n\n\t\t\t\t\t\t\t\t\t\t\t\t\t\t\t\t\u00bfCu\u00e1nto se tarda en recibir una m\u00e1quina o l\u00ednea de producci\u00f3n personalizada?\t\t\t\t\t\t\t<\/span>\n\n\t\t\t\t\t\t<\/div>\n\t\t\t\t\t\t<div class=\"bdt-ep-accordion-content bdt-accordion-content\">\n\t\t\t\t\t\t\t<p>El plazo de entrega depende del tama\u00f1o y la complejidad del proyecto. Normalmente, las m\u00e1quinas individuales pueden entregarse en 2-4 semanas, mientras que las l\u00edneas de producci\u00f3n completas pueden requerir 2-3 meses.<\/p>\t\t\t\t\t\t<\/div>\n\t\t\t\t\t<\/div>\n\t\t\t\t\t\t\t<\/div>\n\t\t<\/div>\n\t\t\t\t\t\t<\/div>\n\t\t\t\t<\/div>\n\t\t\t\t<\/div>\n\t\t\t\t<\/div>\n\t\t\t\t<\/div>","protected":false},"excerpt":{"rendered":"<p>You are here: Home Page FAQs Find answers to our most frequently asked questions below. If you can&#8217;t find what you&#8217;re looking for, please contact us via email: sale5@olivetech.cn, and we&#8217;ll get in touch within 24 hours. What types of oil press machines do you manufacture? We produce a wide range of oil press machines&hellip;<\/p>","protected":false},"author":1,"featured_media":0,"parent":0,"menu_order":0,"comment_status":"closed","ping_status":"closed","template":"","meta":{"_acf_changed":false,"footnotes":""},"class_list":["post-19702","page","type-page","status-publish","hentry"],"acf":[],"yoast_head":"<!-- This site is optimized with the Yoast SEO Premium plugin v26.6 (Yoast SEO v26.6) - https:\/\/yoast.com\/wordpress\/plugins\/seo\/ -->\n<title>FAQs - Henan Olive Technology Co., Ltd.<\/title>\n<meta name=\"robots\" content=\"index, follow, max-snippet:-1, max-image-preview:large, max-video-preview:-1\" \/>\n<link rel=\"canonical\" href=\"https:\/\/refineoilpro.com\/es\/preguntas-frecuentes\/\" \/>\n<meta property=\"og:locale\" content=\"es_ES\" \/>\n<meta property=\"og:type\" content=\"article\" \/>\n<meta property=\"og:title\" content=\"FAQs\" \/>\n<meta property=\"og:description\" content=\"You are here: Home Page FAQs Find answers to our most frequently asked questions below. If you can&#8217;t find what you&#8217;re looking for, please contact us via email: sale5@olivetech.cn, and we&#8217;ll get in touch within 24 hours. What types of oil press machines do you manufacture? We produce a wide range of oil press machines&hellip;\" \/>\n<meta property=\"og:url\" content=\"https:\/\/refineoilpro.com\/es\/preguntas-frecuentes\/\" \/>\n<meta property=\"og:site_name\" content=\"Henan Olive Technology Co., Ltd.\" \/>\n<meta property=\"article:modified_time\" content=\"2025-10-31T03:16:35+00:00\" \/>\n<meta property=\"og:image\" content=\"https:\/\/refineoilpro.com\/wp-content\/uploads\/2025\/10\/pathway-faqs-picture.png\" \/>\n<meta name=\"twitter:card\" content=\"summary_large_image\" \/>\n<meta name=\"twitter:label1\" content=\"Tiempo de lectura\" \/>\n\t<meta name=\"twitter:data1\" content=\"2 minutos\" \/>\n<script type=\"application\/ld+json\" class=\"yoast-schema-graph\">{\"@context\":\"https:\/\/schema.org\",\"@graph\":[{\"@type\":\"WebPage\",\"@id\":\"https:\/\/refineoilpro.com\/faqs\/\",\"url\":\"https:\/\/refineoilpro.com\/faqs\/\",\"name\":\"FAQs - Henan Olive Technology Co., Ltd.\",\"isPartOf\":{\"@id\":\"https:\/\/refineoilpro.com\/#website\"},\"primaryImageOfPage\":{\"@id\":\"https:\/\/refineoilpro.com\/faqs\/#primaryimage\"},\"image\":{\"@id\":\"https:\/\/refineoilpro.com\/faqs\/#primaryimage\"},\"thumbnailUrl\":\"https:\/\/refineoilpro.com\/wp-content\/uploads\/2025\/10\/pathway-faqs-picture.png\",\"datePublished\":\"2025-10-12T08:58:36+00:00\",\"dateModified\":\"2025-10-31T03:16:35+00:00\",\"breadcrumb\":{\"@id\":\"https:\/\/refineoilpro.com\/faqs\/#breadcrumb\"},\"inLanguage\":\"es\",\"potentialAction\":[{\"@type\":\"ReadAction\",\"target\":[\"https:\/\/refineoilpro.com\/faqs\/\"]}]},{\"@type\":\"ImageObject\",\"inLanguage\":\"es\",\"@id\":\"https:\/\/refineoilpro.com\/faqs\/#primaryimage\",\"url\":\"https:\/\/refineoilpro.com\/wp-content\/uploads\/2025\/10\/pathway-faqs-picture.png\",\"contentUrl\":\"https:\/\/refineoilpro.com\/wp-content\/uploads\/2025\/10\/pathway-faqs-picture.png\"},{\"@type\":\"BreadcrumbList\",\"@id\":\"https:\/\/refineoilpro.com\/faqs\/#breadcrumb\",\"itemListElement\":[{\"@type\":\"ListItem\",\"position\":1,\"name\":\"Home\",\"item\":\"https:\/\/refineoilpro.com\/\"},{\"@type\":\"ListItem\",\"position\":2,\"name\":\"FAQs\"}]},{\"@type\":\"WebSite\",\"@id\":\"https:\/\/refineoilpro.com\/#website\",\"url\":\"https:\/\/refineoilpro.com\/\",\"name\":\"Henan Olive Technology Co., Ltd.\",\"description\":\"Reliable Machinery Solutions for Food, Agriculture &amp; Packaging\",\"publisher\":{\"@id\":\"https:\/\/refineoilpro.com\/#organization\"},\"potentialAction\":[{\"@type\":\"SearchAction\",\"target\":{\"@type\":\"EntryPoint\",\"urlTemplate\":\"https:\/\/refineoilpro.com\/?s={search_term_string}\"},\"query-input\":{\"@type\":\"PropertyValueSpecification\",\"valueRequired\":true,\"valueName\":\"search_term_string\"}}],\"inLanguage\":\"es\"},{\"@type\":\"Organization\",\"@id\":\"https:\/\/refineoilpro.com\/#organization\",\"name\":\"Henan Olive Technology Co., Ltd.\",\"url\":\"https:\/\/refineoilpro.com\/\",\"logo\":{\"@type\":\"ImageObject\",\"inLanguage\":\"es\",\"@id\":\"https:\/\/refineoilpro.com\/#\/schema\/logo\/image\/\",\"url\":\"https:\/\/refineoilpro.com\/wp-content\/uploads\/2025\/12\/\u516c\u53f8Logo.png\",\"contentUrl\":\"https:\/\/refineoilpro.com\/wp-content\/uploads\/2025\/12\/\u516c\u53f8Logo.png\",\"width\":375,\"height\":375,\"caption\":\"Henan Olive Technology Co., Ltd.\"},\"image\":{\"@id\":\"https:\/\/refineoilpro.com\/#\/schema\/logo\/image\/\"}}]}<\/script>\n<!-- \/ Yoast SEO Premium plugin. -->","yoast_head_json":{"title":"Preguntas frecuentes - Henan Olive Technology Co.","robots":{"index":"index","follow":"follow","max-snippet":"max-snippet:-1","max-image-preview":"max-image-preview:large","max-video-preview":"max-video-preview:-1"},"canonical":"https:\/\/refineoilpro.com\/es\/preguntas-frecuentes\/","og_locale":"es_ES","og_type":"article","og_title":"FAQs","og_description":"You are here: Home Page FAQs Find answers to our most frequently asked questions below. If you can&#8217;t find what you&#8217;re looking for, please contact us via email: sale5@olivetech.cn, and we&#8217;ll get in touch within 24 hours. What types of oil press machines do you manufacture? We produce a wide range of oil press machines&hellip;","og_url":"https:\/\/refineoilpro.com\/es\/preguntas-frecuentes\/","og_site_name":"Henan Olive Technology Co., Ltd.","article_modified_time":"2025-10-31T03:16:35+00:00","og_image":[{"url":"https:\/\/refineoilpro.com\/wp-content\/uploads\/2025\/10\/pathway-faqs-picture.png","type":"","width":"","height":""}],"twitter_card":"summary_large_image","twitter_misc":{"Tiempo de lectura":"2 minutos"},"schema":{"@context":"https:\/\/schema.org","@graph":[{"@type":"WebPage","@id":"https:\/\/refineoilpro.com\/faqs\/","url":"https:\/\/refineoilpro.com\/faqs\/","name":"Preguntas frecuentes - Henan Olive Technology Co.","isPartOf":{"@id":"https:\/\/refineoilpro.com\/#website"},"primaryImageOfPage":{"@id":"https:\/\/refineoilpro.com\/faqs\/#primaryimage"},"image":{"@id":"https:\/\/refineoilpro.com\/faqs\/#primaryimage"},"thumbnailUrl":"https:\/\/refineoilpro.com\/wp-content\/uploads\/2025\/10\/pathway-faqs-picture.png","datePublished":"2025-10-12T08:58:36+00:00","dateModified":"2025-10-31T03:16:35+00:00","breadcrumb":{"@id":"https:\/\/refineoilpro.com\/faqs\/#breadcrumb"},"inLanguage":"es","potentialAction":[{"@type":"ReadAction","target":["https:\/\/refineoilpro.com\/faqs\/"]}]},{"@type":"ImageObject","inLanguage":"es","@id":"https:\/\/refineoilpro.com\/faqs\/#primaryimage","url":"https:\/\/refineoilpro.com\/wp-content\/uploads\/2025\/10\/pathway-faqs-picture.png","contentUrl":"https:\/\/refineoilpro.com\/wp-content\/uploads\/2025\/10\/pathway-faqs-picture.png"},{"@type":"BreadcrumbList","@id":"https:\/\/refineoilpro.com\/faqs\/#breadcrumb","itemListElement":[{"@type":"ListItem","position":1,"name":"Home","item":"https:\/\/refineoilpro.com\/"},{"@type":"ListItem","position":2,"name":"FAQs"}]},{"@type":"WebSite","@id":"https:\/\/refineoilpro.com\/#website","url":"https:\/\/refineoilpro.com\/","name":"Henan Olive Technology Co.","description":"Soluciones de maquinaria fiables para alimentaci\u00f3n, agricultura y envasado","publisher":{"@id":"https:\/\/refineoilpro.com\/#organization"},"potentialAction":[{"@type":"SearchAction","target":{"@type":"EntryPoint","urlTemplate":"https:\/\/refineoilpro.com\/?s={search_term_string}"},"query-input":{"@type":"PropertyValueSpecification","valueRequired":true,"valueName":"search_term_string"}}],"inLanguage":"es"},{"@type":"Organization","@id":"https:\/\/refineoilpro.com\/#organization","name":"Henan Olive Technology Co.","url":"https:\/\/refineoilpro.com\/","logo":{"@type":"ImageObject","inLanguage":"es","@id":"https:\/\/refineoilpro.com\/#\/schema\/logo\/image\/","url":"https:\/\/refineoilpro.com\/wp-content\/uploads\/2025\/12\/\u516c\u53f8Logo.png","contentUrl":"https:\/\/refineoilpro.com\/wp-content\/uploads\/2025\/12\/\u516c\u53f8Logo.png","width":375,"height":375,"caption":"Henan Olive Technology Co., Ltd."},"image":{"@id":"https:\/\/refineoilpro.com\/#\/schema\/logo\/image\/"}}]}},"_hostinger_reach_plugin_has_subscription_block":false,"_hostinger_reach_plugin_is_elementor":false,"_links":{"self":[{"href":"https:\/\/refineoilpro.com\/es\/wp-json\/wp\/v2\/pages\/19702","targetHints":{"allow":["GET"]}}],"collection":[{"href":"https:\/\/refineoilpro.com\/es\/wp-json\/wp\/v2\/pages"}],"about":[{"href":"https:\/\/refineoilpro.com\/es\/wp-json\/wp\/v2\/types\/page"}],"author":[{"embeddable":true,"href":"https:\/\/refineoilpro.com\/es\/wp-json\/wp\/v2\/users\/1"}],"replies":[{"embeddable":true,"href":"https:\/\/refineoilpro.com\/es\/wp-json\/wp\/v2\/comments?post=19702"}],"version-history":[{"count":29,"href":"https:\/\/refineoilpro.com\/es\/wp-json\/wp\/v2\/pages\/19702\/revisions"}],"predecessor-version":[{"id":20678,"href":"https:\/\/refineoilpro.com\/es\/wp-json\/wp\/v2\/pages\/19702\/revisions\/20678"}],"wp:attachment":[{"href":"https:\/\/refineoilpro.com\/es\/wp-json\/wp\/v2\/media?parent=19702"}],"curies":[{"name":"wp","href":"https:\/\/api.w.org\/{rel}","templated":true}]}}