{"id":20803,"date":"2025-11-20T07:40:18","date_gmt":"2025-11-20T07:40:18","guid":{"rendered":"https:\/\/refineoilpro.com\/?post_type=product&#038;p=20803"},"modified":"2025-12-05T01:44:53","modified_gmt":"2025-12-05T01:44:53","slug":"fabricante-de-lineas-de-extraccion-de-aceite-de-tornillo-personalizables","status":"publish","type":"product","link":"https:\/\/refineoilpro.com\/es\/producto\/fabricante-de-lineas-de-extraccion-de-aceite-de-tornillo-personalizables\/","title":{"rendered":"Fabricantes de l\u00edneas de extracci\u00f3n de aceite de tornillo personalizables"},"content":{"rendered":"<div data-elementor-type=\"product-post\" data-elementor-id=\"20803\" class=\"elementor elementor-20803\" data-elementor-settings=\"{&quot;element_pack_global_tooltip_width&quot;:{&quot;unit&quot;:&quot;px&quot;,&quot;size&quot;:&quot;&quot;,&quot;sizes&quot;:[]},&quot;element_pack_global_tooltip_width_tablet&quot;:{&quot;unit&quot;:&quot;px&quot;,&quot;size&quot;:&quot;&quot;,&quot;sizes&quot;:[]},&quot;element_pack_global_tooltip_width_mobile&quot;:{&quot;unit&quot;:&quot;px&quot;,&quot;size&quot;:&quot;&quot;,&quot;sizes&quot;:[]},&quot;element_pack_global_tooltip_padding&quot;:{&quot;unit&quot;:&quot;px&quot;,&quot;top&quot;:&quot;&quot;,&quot;right&quot;:&quot;&quot;,&quot;bottom&quot;:&quot;&quot;,&quot;left&quot;:&quot;&quot;,&quot;isLinked&quot;:true},&quot;element_pack_global_tooltip_padding_tablet&quot;:{&quot;unit&quot;:&quot;px&quot;,&quot;top&quot;:&quot;&quot;,&quot;right&quot;:&quot;&quot;,&quot;bottom&quot;:&quot;&quot;,&quot;left&quot;:&quot;&quot;,&quot;isLinked&quot;:true},&quot;element_pack_global_tooltip_padding_mobile&quot;:{&quot;unit&quot;:&quot;px&quot;,&quot;top&quot;:&quot;&quot;,&quot;right&quot;:&quot;&quot;,&quot;bottom&quot;:&quot;&quot;,&quot;left&quot;:&quot;&quot;,&quot;isLinked&quot;:true},&quot;element_pack_global_tooltip_border_radius&quot;:{&quot;unit&quot;:&quot;px&quot;,&quot;top&quot;:&quot;&quot;,&quot;right&quot;:&quot;&quot;,&quot;bottom&quot;:&quot;&quot;,&quot;left&quot;:&quot;&quot;,&quot;isLinked&quot;:true},&quot;element_pack_global_tooltip_border_radius_tablet&quot;:{&quot;unit&quot;:&quot;px&quot;,&quot;top&quot;:&quot;&quot;,&quot;right&quot;:&quot;&quot;,&quot;bottom&quot;:&quot;&quot;,&quot;left&quot;:&quot;&quot;,&quot;isLinked&quot;:true},&quot;element_pack_global_tooltip_border_radius_mobile&quot;:{&quot;unit&quot;:&quot;px&quot;,&quot;top&quot;:&quot;&quot;,&quot;right&quot;:&quot;&quot;,&quot;bottom&quot;:&quot;&quot;,&quot;left&quot;:&quot;&quot;,&quot;isLinked&quot;:true}}\" data-elementor-post-type=\"product\">\n\t\t\t\t<div class=\"elementor-element elementor-element-75b414b7 e-flex e-con-boxed e-con e-parent\" data-id=\"75b414b7\" data-element_type=\"container\">\n\t\t\t\t\t<div class=\"e-con-inner\">\n\t\t\t\t<div class=\"elementor-element elementor-element-75c3cf6 elementor-widget__width-initial elementor-widget elementor-widget-bdt-tabs\" data-id=\"75c3cf6\" data-element_type=\"widget\" data-widget_type=\"bdt-tabs.default\">\n\t\t\t\t\t        <div class=\"bdt-tabs-area\">\n\n            <div id=\"bdt-tabs-75c3cf6-4147\" class=\"bdt-tabs  bdt-tabs-default fullwidth-on-mobile\" data-settings=\"{&quot;id&quot;:&quot;bdt-tabs-75c3cf6-4147&quot;,&quot;activeHash&quot;:&quot;no&quot;,&quot;hashTopOffset&quot;:70,&quot;hashScrollspyTime&quot;:1500,&quot;navStickyOffset&quot;:1,&quot;linkSectionSettings&quot;:[&quot;#chair&quot;,&quot;#bed&quot;,&quot;#sofa&quot;,&quot;#lamp&quot;],&quot;linkWidgetId&quot;:&quot;75c3cf6-4147&quot;}\">\n                        <div class=\"bdt-tab-wrapper bdt-flex bdt-flex-left\">\n            <div class=\"bdt-tabs-wrap-inside\">\n                <div class=\"bdt-tab bdt-tab-default  bdt-flex bdt-flex-left\" data-bdt-tab=\"connect: #bdt-tab-content-75c3cf6-4147;\" data-bdt-height-match=\"target: &gt; .bdt-tabs-item &gt; .bdt-tabs-item-title; row: false;\">\n                                            <div class=\"bdt-tabs-item\">\n                            <a data-title=\"Product-Parameters\" class=\"bdt-tabs-item-title\" id=\"bdt-tab-Product-Parameters\" data-tab-index=\"0\" href=\"#\">\n                                <div class=\"bdt-tab-text-wrapper bdt-flex-column\">\n\n                                    <div class=\"bdt-tab-title-icon-wrapper\">\n\n                                        \n                                                                                    <span class=\"bdt-tab-text\">\n                                                Par\u00e1metros del producto                                            <\/span>\n                                        \n                                        \n                                    <\/div>\n\n                                    \n                                <\/div>\n                            <\/a>\n                        <\/div>\n                                            <div class=\"bdt-tabs-item\">\n                            <a data-title=\"Product-Display\" class=\"bdt-tabs-item-title\" id=\"bdt-tab-Product-Display\" data-tab-index=\"1\" href=\"#\">\n                                <div class=\"bdt-tab-text-wrapper bdt-flex-column\">\n\n                                    <div class=\"bdt-tab-title-icon-wrapper\">\n\n                                        \n                                                                                    <span class=\"bdt-tab-text\">\n                                                Expositor de productos                                            <\/span>\n                                        \n                                        \n                                    <\/div>\n\n                                    \n                                <\/div>\n                            <\/a>\n                        <\/div>\n                                            <div class=\"bdt-tabs-item\">\n                            <a data-title=\"Product-Applications\" class=\"bdt-tabs-item-title\" id=\"bdt-tab-Product-Applications\" data-tab-index=\"2\" href=\"#\">\n                                <div class=\"bdt-tab-text-wrapper bdt-flex-column\">\n\n                                    <div class=\"bdt-tab-title-icon-wrapper\">\n\n                                        \n                                                                                    <span class=\"bdt-tab-text\">\n                                                Aplicaciones de los productos                                            <\/span>\n                                        \n                                        \n                                    <\/div>\n\n                                    \n                                <\/div>\n                            <\/a>\n                        <\/div>\n                                            <div class=\"bdt-tabs-item\">\n                            <a data-title=\"Packaging-and-Transportation\" class=\"bdt-tabs-item-title\" id=\"bdt-tab-Packaging-and-Transportation\" data-tab-index=\"3\" href=\"#\">\n                                <div class=\"bdt-tab-text-wrapper bdt-flex-column\">\n\n                                    <div class=\"bdt-tab-title-icon-wrapper\">\n\n                                        \n                                                                                    <span class=\"bdt-tab-text\">\n                                                Embalaje y transporte                                            <\/span>\n                                        \n                                        \n                                    <\/div>\n\n                                    \n                                <\/div>\n                            <\/a>\n                        <\/div>\n                                    <\/div>\n            <\/div>\n        <\/div>\n\n        <div class=\"bdt-switcher-wrapper\">\n            <div id=\"bdt-tab-content-75c3cf6-4147\" class=\"bdt-switcher bdt-switcher-item-content\">\n                                                        <div class=\"bdt-tab-content-item\" \n                    data-content-id=\"product-parameters\">\n                        <div>\n                                                    <\/div>\n                    <\/div>\n                                                        <div class=\"bdt-tab-content-item\" \n                    data-content-id=\"product-display\">\n                        <div>\n                                                    <\/div>\n                    <\/div>\n                                                        <div class=\"bdt-tab-content-item\" \n                    data-content-id=\"product-applications\">\n                        <div>\n                                                    <\/div>\n                    <\/div>\n                                                        <div class=\"bdt-tab-content-item\" \n                    data-content-id=\"packaging-and-transportation\">\n                        <div>\n                                                    <\/div>\n                    <\/div>\n                            <\/div>\n        <\/div>\n                    <a href=\"#\" id=\"bottom-anchor-75c3cf6-4147\" data-bdt-hidden><\/a>\n            <\/div>\n        <\/div>\n    \t\t\t\t<\/div>\n\t\t<div class=\"elementor-element elementor-element-4be79ba e-con-full e-flex e-con e-child\" data-id=\"4be79ba\" data-element_type=\"container\" id=\"chair\">\n\t\t\t\t<div class=\"elementor-element elementor-element-701031a elementor-widget elementor-widget-text-editor\" data-id=\"701031a\" data-element_type=\"widget\" data-widget_type=\"text-editor.default\">\n\t\t\t\t\t\t\t\t\t<div class=\"hydraulic-press-wrapper\"><table class=\"hydraulic-press-table\"><thead><tr><th class=\"table-title\" colspan=\"8\">Par\u00e1metros de la prensa hidr\u00e1ulica de aceite<\/th><\/tr><tr class=\"header-row\"><th>Modelo<\/th><th>MX180<\/th><th>MX230<\/th><th>MX260<\/th><th>MX320<\/th><th>MX360<\/th><th>MX415<\/th><th>MX460<\/th><\/tr><\/thead><tbody><tr><td class=\"param-name\">Capacidad del producto<\/td><td>4 kg\/lote<\/td><td>8 kg\/lote<\/td><td>12 kg\/lote<\/td><td>17 kg\/lote<\/td><td>22 kg\/lote<\/td><td>30 kg\/lote<\/td><td>50 kg\/lote<\/td><\/tr><tr><td class=\"param-name\">Ciclo de tiempo de lote<\/td><td>10-12min<\/td><td>8-10min<\/td><td>8-10min<\/td><td>8-10min<\/td><td>12-15min<\/td><td>12-15min<\/td><td>12-15 min<\/td><\/tr><tr><td class=\"param-name\">Potencia<\/td><td>0,75 KW<\/td><td>1,5 KW<\/td><td>1,5 KW<\/td><td>2,2 KW<\/td><td>2,2 KW<\/td><td>2,2 KW<\/td><td>2,2 KW<\/td><\/tr><tr><td class=\"param-name\">Presi\u00f3n de trabajo<\/td><td>55-60Mpa<\/td><td>55-60Mpa<\/td><td>55-60Mpa<\/td><td>55-60Mpa<\/td><td>55-60Mpa<\/td><td>55-60Mpa<\/td><td>55-60Mpa<\/td><\/tr><tr><td class=\"param-name\">Control de la temperatura<\/td><td>70\u00b0<\/td><td>70\u00b0<\/td><td>70\u00b0<\/td><td>70\u00b0<\/td><td>70\u00b0<\/td><td>70\u00b0<\/td><td>70\u00b0<\/td><\/tr><tr><td class=\"param-name\">Peso<\/td><td>550 kg<\/td><td>950 kg<\/td><td>1200kg<\/td><td>1700kg<\/td><td>2000kg<\/td><td>2200kg<\/td><td>3000kg<\/td><\/tr><tr><td class=\"param-name\">Sobredimensionado mm<\/td><td>800\u00d7900\u00d71050<\/td><td>900\u00d71000\u00d71400<\/td><td>1050\u00d71200\u00d71650<\/td><td>1120\u00d71200\u00d71650<\/td><td>1200\u00d71200\u00d71680<\/td><td>1250\u00d71250\u00d71700<\/td><td>1450\u00d71450\u00d71950<\/td><\/tr><\/tbody><tfoot><tr><td class=\"table-footer\" colspan=\"8\">La capacidad se basa en el s\u00e9samo, las diferentes semillas est\u00e1n sujetas a la producci\u00f3n real<\/td><\/tr><\/tfoot><\/table><\/div><p>\u00a0<\/p>\t\t\t\t\t\t\t\t<\/div>\n\t\t\t\t<div class=\"elementor-element elementor-element-ac4b8a4 elementor-widget elementor-widget-text-editor\" data-id=\"ac4b8a4\" data-element_type=\"widget\" data-widget_type=\"text-editor.default\">\n\t\t\t\t\t\t\t\t\t<h1 style=\"text-align: center;\"><span style=\"color: #000000;\"><strong>Embalaje y transporte de productos<\/strong><\/span><\/h1><blockquote><p><strong><span style=\"color: #ff6600;\">1. 1. Confirmaci\u00f3n del pedido<\/span><\/strong><\/p><\/blockquote><p>Despu\u00e9s de que el cliente haga un pedido, confirmamos inmediatamente la informaci\u00f3n sobre el producto, la cantidad, los accesorios y los requisitos de embalaje para asegurarnos de que todos los detalles son precisos y no contienen errores.<\/p><blockquote><p><span style=\"color: #ff6600;\">2. Embalaje del producto<\/span><\/p><\/blockquote><p>El embalaje de protecci\u00f3n previo debe realizarse de acuerdo con el tipo de producto, como pl\u00e1stico de burbujas, pel\u00edcula antichoque, capa protectora antiara\u00f1azos, etc., para garantizar que el producto no sufra da\u00f1os durante el transporte.<\/p><blockquote><p><span style=\"color: #ff6600;\">3. Embalaje en caja exterior<\/span><\/p><\/blockquote><p>Embalar productos individuales o m\u00faltiples en cajas especiales de madera engrosada seg\u00fan sea necesario, rellenar los interiores con materiales de acolchado, sellar las cajas exteriores y colocar etiquetas de transporte.<\/p><blockquote><p><strong><span style=\"color: #ff6600;\">4. Confirmaci\u00f3n de embalaje<\/span><\/strong><\/p><\/blockquote><p>El personal de inspecci\u00f3n de calidad comprueba los productos envasados, inspeccionando la cantidad de productos, la firmeza de las cajas exteriores y si las etiquetas son correctas.<\/p><blockquote><p><span style=\"color: #ff6600;\"><strong>5. Entrega log\u00edstica<\/strong><\/span><\/p><\/blockquote><p>Seg\u00fan el modo de transporte seleccionado por el cliente (mar\u00edtimo\/a\u00e9reo\/expr\u00e9s), organice el env\u00edo de la log\u00edstica desde el almac\u00e9n y facilite el n\u00famero de seguimiento para ver en tiempo real el progreso del transporte.<\/p><blockquote><p><strong><span style=\"color: #ff6600;\">6. Entrega del producto<\/span><\/strong><\/p><\/blockquote><p>Los productos se entregan de forma segura a los clientes. Si hay alg\u00fan problema con la entrega, proporcionaremos asistencia posventa completa para garantizar la satisfacci\u00f3n del cliente.<\/p>\t\t\t\t\t\t\t\t<\/div>\n\t\t\t\t<\/div>\n\t\t<div class=\"elementor-element elementor-element-dfe487d e-con-full e-flex e-con e-child\" data-id=\"dfe487d\" data-element_type=\"container\" id=\"bed\">\n\t\t\t\t<\/div>\n\t\t\t\t\t<\/div>\n\t\t\t\t<\/div>\n\t\t\t\t<\/div>","protected":false},"excerpt":{"rendered":"<div class=\"prod-desc\">Esta prensa industrial de aceite de tornillo est\u00e1 dise\u00f1ada para peque\u00f1as empresas, con una capacidad de 150-230kg\/h, un di\u00e1metro de tornillo de 100mm, y un funcionamiento totalmente autom\u00e1tico, asegurando una alta productividad y ahorrando costes de mano de obra. Esta m\u00e1quina soporta los m\u00e9todos de prensado en fr\u00edo y prensado en caliente, no dejando m\u00e1s de 6% de aceite en la torta. Certificada por la CE y conforme a las normas de seguridad de la UE, proporciona acceso al mercado y garant\u00eda de calidad a los compradores de todo el mundo.<\/div>","protected":false},"featured_media":20762,"comment_status":"open","ping_status":"closed","template":"","meta":{"_acf_changed":false},"product_brand":[],"product_cat":[75],"product_tag":[152,150,154,148,153,155,149,147],"class_list":{"0":"post-20803","1":"product","2":"type-product","3":"status-publish","4":"has-post-thumbnail","6":"product_cat-hot-pressing-production-line","7":"product_tag-automatic-oil-press","8":"product_tag-cold-press-oil-machine","9":"product_tag-commercial-oil-press","10":"product_tag-edible-oil-press-machine","11":"product_tag-hot-press-oil-machine","12":"product_tag-industrial-oil-press","13":"product_tag-oil-extraction-machine","14":"product_tag-screw-oil-press","15":"pa_color-gradient","16":"pa_color-sand","17":"pa_color-sky","18":"pa_color-space","19":"pa_color-stone","20":"pa_color-white","22":"first","23":"instock","24":"sale","25":"downloadable","26":"virtual","27":"purchasable","28":"product-type-simple"},"acf":[],"yoast_head":"<!-- This site is optimized with the Yoast SEO Premium plugin v26.6 (Yoast SEO v26.6) - https:\/\/yoast.com\/wordpress\/plugins\/seo\/ -->\n<title>Customizable Screw Oil Expeller Line Manufacturer - Henan Olive Technology Co., Ltd.<\/title>\n<meta name=\"robots\" content=\"index, follow, max-snippet:-1, max-image-preview:large, max-video-preview:-1\" \/>\n<link rel=\"canonical\" href=\"https:\/\/refineoilpro.com\/es\/producto\/fabricante-de-lineas-de-extraccion-de-aceite-de-tornillo-personalizables\/\" \/>\n<meta property=\"og:locale\" content=\"es_ES\" \/>\n<meta property=\"og:type\" content=\"article\" \/>\n<meta property=\"og:title\" content=\"Customizable Screw Oil Expeller Line Manufacturer\" \/>\n<meta property=\"og:description\" content=\"This industrial screw oil press is designed for small enterprises, with a capacity of 150-230kg\/h, a screw diameter of 100mm, and fully automatic operation, ensuring high productivity and saving labor costs. This machine supports both cold pressing and hot pressing methods, leaving no more than 6% of oil in the cake. Certified by CE and in compliance with EU safety standards, it provides market access and quality assurance for global buyers.\" \/>\n<meta property=\"og:url\" content=\"https:\/\/refineoilpro.com\/es\/producto\/fabricante-de-lineas-de-extraccion-de-aceite-de-tornillo-personalizables\/\" \/>\n<meta property=\"og:site_name\" content=\"Henan Olive Technology Co., Ltd.\" \/>\n<meta property=\"article:modified_time\" content=\"2025-12-05T01:44:53+00:00\" \/>\n<meta property=\"og:image\" content=\"https:\/\/refineoilpro.com\/wp-content\/uploads\/2025\/11\/\u4e3b\u56fe-7.jpg\" \/>\n\t<meta property=\"og:image:width\" content=\"800\" \/>\n\t<meta property=\"og:image:height\" content=\"800\" \/>\n\t<meta property=\"og:image:type\" content=\"image\/jpeg\" \/>\n<meta name=\"twitter:card\" content=\"summary_large_image\" \/>\n<meta name=\"twitter:label1\" content=\"Tiempo de lectura\" \/>\n\t<meta name=\"twitter:data1\" content=\"1 minuto\" \/>\n<script type=\"application\/ld+json\" class=\"yoast-schema-graph\">{\"@context\":\"https:\/\/schema.org\",\"@graph\":[{\"@type\":\"WebPage\",\"@id\":\"https:\/\/refineoilpro.com\/zh\/product\/customizable-screw-oil-expeller-line-manufacturer\/\",\"url\":\"https:\/\/refineoilpro.com\/zh\/product\/customizable-screw-oil-expeller-line-manufacturer\/\",\"name\":\"Customizable Screw Oil Expeller Line Manufacturer - Henan Olive Technology Co., Ltd.\",\"isPartOf\":{\"@id\":\"https:\/\/refineoilpro.com\/#website\"},\"primaryImageOfPage\":{\"@id\":\"https:\/\/refineoilpro.com\/zh\/product\/customizable-screw-oil-expeller-line-manufacturer\/#primaryimage\"},\"image\":{\"@id\":\"https:\/\/refineoilpro.com\/zh\/product\/customizable-screw-oil-expeller-line-manufacturer\/#primaryimage\"},\"thumbnailUrl\":\"https:\/\/refineoilpro.com\/wp-content\/uploads\/2025\/11\/\u4e3b\u56fe-7.jpg\",\"datePublished\":\"2025-11-20T07:40:18+00:00\",\"dateModified\":\"2025-12-05T01:44:53+00:00\",\"breadcrumb\":{\"@id\":\"https:\/\/refineoilpro.com\/zh\/product\/customizable-screw-oil-expeller-line-manufacturer\/#breadcrumb\"},\"inLanguage\":\"es\",\"potentialAction\":[{\"@type\":\"ReadAction\",\"target\":[\"https:\/\/refineoilpro.com\/zh\/product\/customizable-screw-oil-expeller-line-manufacturer\/\"]}]},{\"@type\":\"ImageObject\",\"inLanguage\":\"es\",\"@id\":\"https:\/\/refineoilpro.com\/zh\/product\/customizable-screw-oil-expeller-line-manufacturer\/#primaryimage\",\"url\":\"https:\/\/refineoilpro.com\/wp-content\/uploads\/2025\/11\/\u4e3b\u56fe-7.jpg\",\"contentUrl\":\"https:\/\/refineoilpro.com\/wp-content\/uploads\/2025\/11\/\u4e3b\u56fe-7.jpg\",\"width\":800,\"height\":800},{\"@type\":\"BreadcrumbList\",\"@id\":\"https:\/\/refineoilpro.com\/zh\/product\/customizable-screw-oil-expeller-line-manufacturer\/#breadcrumb\",\"itemListElement\":[{\"@type\":\"ListItem\",\"position\":1,\"name\":\"Home\",\"item\":\"https:\/\/refineoilpro.com\/\"},{\"@type\":\"ListItem\",\"position\":2,\"name\":\"Product\",\"item\":\"https:\/\/refineoilpro.com\/product\/\"},{\"@type\":\"ListItem\",\"position\":3,\"name\":\"Customizable Screw Oil Expeller Line Manufacturer\"}]},{\"@type\":\"WebSite\",\"@id\":\"https:\/\/refineoilpro.com\/#website\",\"url\":\"https:\/\/refineoilpro.com\/\",\"name\":\"Henan Olive Technology Co., Ltd.\",\"description\":\"Reliable Machinery Solutions for Food, Agriculture &amp; Packaging\",\"publisher\":{\"@id\":\"https:\/\/refineoilpro.com\/#organization\"},\"potentialAction\":[{\"@type\":\"SearchAction\",\"target\":{\"@type\":\"EntryPoint\",\"urlTemplate\":\"https:\/\/refineoilpro.com\/?s={search_term_string}\"},\"query-input\":{\"@type\":\"PropertyValueSpecification\",\"valueRequired\":true,\"valueName\":\"search_term_string\"}}],\"inLanguage\":\"es\"},{\"@type\":\"Organization\",\"@id\":\"https:\/\/refineoilpro.com\/#organization\",\"name\":\"Henan Olive Technology Co., Ltd.\",\"url\":\"https:\/\/refineoilpro.com\/\",\"logo\":{\"@type\":\"ImageObject\",\"inLanguage\":\"es\",\"@id\":\"https:\/\/refineoilpro.com\/#\/schema\/logo\/image\/\",\"url\":\"https:\/\/refineoilpro.com\/wp-content\/uploads\/2025\/12\/\u516c\u53f8Logo.png\",\"contentUrl\":\"https:\/\/refineoilpro.com\/wp-content\/uploads\/2025\/12\/\u516c\u53f8Logo.png\",\"width\":375,\"height\":375,\"caption\":\"Henan Olive Technology Co., Ltd.\"},\"image\":{\"@id\":\"https:\/\/refineoilpro.com\/#\/schema\/logo\/image\/\"}}]}<\/script>\n<!-- \/ Yoast SEO Premium plugin. -->","yoast_head_json":{"title":"L\u00ednea de Expulsi\u00f3n de Aceite de Tornillo Personalizable Fabricante - Henan Olive Technology Co.","robots":{"index":"index","follow":"follow","max-snippet":"max-snippet:-1","max-image-preview":"max-image-preview:large","max-video-preview":"max-video-preview:-1"},"canonical":"https:\/\/refineoilpro.com\/es\/producto\/fabricante-de-lineas-de-extraccion-de-aceite-de-tornillo-personalizables\/","og_locale":"es_ES","og_type":"article","og_title":"Customizable Screw Oil Expeller Line Manufacturer","og_description":"This industrial screw oil press is designed for small enterprises, with a capacity of 150-230kg\/h, a screw diameter of 100mm, and fully automatic operation, ensuring high productivity and saving labor costs. This machine supports both cold pressing and hot pressing methods, leaving no more than 6% of oil in the cake. Certified by CE and in compliance with EU safety standards, it provides market access and quality assurance for global buyers.","og_url":"https:\/\/refineoilpro.com\/es\/producto\/fabricante-de-lineas-de-extraccion-de-aceite-de-tornillo-personalizables\/","og_site_name":"Henan Olive Technology Co., Ltd.","article_modified_time":"2025-12-05T01:44:53+00:00","og_image":[{"width":800,"height":800,"url":"https:\/\/refineoilpro.com\/wp-content\/uploads\/2025\/11\/\u4e3b\u56fe-7.jpg","type":"image\/jpeg"}],"twitter_card":"summary_large_image","twitter_misc":{"Tiempo de lectura":"1 minuto"},"schema":{"@context":"https:\/\/schema.org","@graph":[{"@type":"WebPage","@id":"https:\/\/refineoilpro.com\/zh\/product\/customizable-screw-oil-expeller-line-manufacturer\/","url":"https:\/\/refineoilpro.com\/zh\/product\/customizable-screw-oil-expeller-line-manufacturer\/","name":"L\u00ednea de Expulsi\u00f3n de Aceite de Tornillo Personalizable Fabricante - Henan Olive Technology Co.","isPartOf":{"@id":"https:\/\/refineoilpro.com\/#website"},"primaryImageOfPage":{"@id":"https:\/\/refineoilpro.com\/zh\/product\/customizable-screw-oil-expeller-line-manufacturer\/#primaryimage"},"image":{"@id":"https:\/\/refineoilpro.com\/zh\/product\/customizable-screw-oil-expeller-line-manufacturer\/#primaryimage"},"thumbnailUrl":"https:\/\/refineoilpro.com\/wp-content\/uploads\/2025\/11\/\u4e3b\u56fe-7.jpg","datePublished":"2025-11-20T07:40:18+00:00","dateModified":"2025-12-05T01:44:53+00:00","breadcrumb":{"@id":"https:\/\/refineoilpro.com\/zh\/product\/customizable-screw-oil-expeller-line-manufacturer\/#breadcrumb"},"inLanguage":"es","potentialAction":[{"@type":"ReadAction","target":["https:\/\/refineoilpro.com\/zh\/product\/customizable-screw-oil-expeller-line-manufacturer\/"]}]},{"@type":"ImageObject","inLanguage":"es","@id":"https:\/\/refineoilpro.com\/zh\/product\/customizable-screw-oil-expeller-line-manufacturer\/#primaryimage","url":"https:\/\/refineoilpro.com\/wp-content\/uploads\/2025\/11\/\u4e3b\u56fe-7.jpg","contentUrl":"https:\/\/refineoilpro.com\/wp-content\/uploads\/2025\/11\/\u4e3b\u56fe-7.jpg","width":800,"height":800},{"@type":"BreadcrumbList","@id":"https:\/\/refineoilpro.com\/zh\/product\/customizable-screw-oil-expeller-line-manufacturer\/#breadcrumb","itemListElement":[{"@type":"ListItem","position":1,"name":"Home","item":"https:\/\/refineoilpro.com\/"},{"@type":"ListItem","position":2,"name":"Product","item":"https:\/\/refineoilpro.com\/product\/"},{"@type":"ListItem","position":3,"name":"Customizable Screw Oil Expeller Line Manufacturer"}]},{"@type":"WebSite","@id":"https:\/\/refineoilpro.com\/#website","url":"https:\/\/refineoilpro.com\/","name":"Henan Olive Technology Co.","description":"Soluciones de maquinaria fiables para alimentaci\u00f3n, agricultura y envasado","publisher":{"@id":"https:\/\/refineoilpro.com\/#organization"},"potentialAction":[{"@type":"SearchAction","target":{"@type":"EntryPoint","urlTemplate":"https:\/\/refineoilpro.com\/?s={search_term_string}"},"query-input":{"@type":"PropertyValueSpecification","valueRequired":true,"valueName":"search_term_string"}}],"inLanguage":"es"},{"@type":"Organization","@id":"https:\/\/refineoilpro.com\/#organization","name":"Henan Olive Technology Co.","url":"https:\/\/refineoilpro.com\/","logo":{"@type":"ImageObject","inLanguage":"es","@id":"https:\/\/refineoilpro.com\/#\/schema\/logo\/image\/","url":"https:\/\/refineoilpro.com\/wp-content\/uploads\/2025\/12\/\u516c\u53f8Logo.png","contentUrl":"https:\/\/refineoilpro.com\/wp-content\/uploads\/2025\/12\/\u516c\u53f8Logo.png","width":375,"height":375,"caption":"Henan Olive Technology Co., Ltd."},"image":{"@id":"https:\/\/refineoilpro.com\/#\/schema\/logo\/image\/"}}]}},"_links":{"self":[{"href":"https:\/\/refineoilpro.com\/es\/wp-json\/wp\/v2\/product\/20803","targetHints":{"allow":["GET"]}}],"collection":[{"href":"https:\/\/refineoilpro.com\/es\/wp-json\/wp\/v2\/product"}],"about":[{"href":"https:\/\/refineoilpro.com\/es\/wp-json\/wp\/v2\/types\/product"}],"replies":[{"embeddable":true,"href":"https:\/\/refineoilpro.com\/es\/wp-json\/wp\/v2\/comments?post=20803"}],"version-history":[{"count":14,"href":"https:\/\/refineoilpro.com\/es\/wp-json\/wp\/v2\/product\/20803\/revisions"}],"predecessor-version":[{"id":20826,"href":"https:\/\/refineoilpro.com\/es\/wp-json\/wp\/v2\/product\/20803\/revisions\/20826"}],"wp:featuredmedia":[{"embeddable":true,"href":"https:\/\/refineoilpro.com\/es\/wp-json\/wp\/v2\/media\/20762"}],"wp:attachment":[{"href":"https:\/\/refineoilpro.com\/es\/wp-json\/wp\/v2\/media?parent=20803"}],"wp:term":[{"taxonomy":"product_brand","embeddable":true,"href":"https:\/\/refineoilpro.com\/es\/wp-json\/wp\/v2\/product_brand?post=20803"},{"taxonomy":"product_cat","embeddable":true,"href":"https:\/\/refineoilpro.com\/es\/wp-json\/wp\/v2\/product_cat?post=20803"},{"taxonomy":"product_tag","embeddable":true,"href":"https:\/\/refineoilpro.com\/es\/wp-json\/wp\/v2\/product_tag?post=20803"}],"curies":[{"name":"wp","href":"https:\/\/api.w.org\/{rel}","templated":true}]}}