{"id":19702,"date":"2025-10-12T08:58:36","date_gmt":"2025-10-12T08:58:36","guid":{"rendered":"https:\/\/refineoilpro.com\/?page_id=19702"},"modified":"2025-10-31T03:16:35","modified_gmt":"2025-10-31T03:16:35","slug":"faqs","status":"publish","type":"page","link":"https:\/\/refineoilpro.com\/fr\/faqs\/","title":{"rendered":"FAQ"},"content":{"rendered":"<div data-elementor-type=\"wp-page\" data-elementor-id=\"19702\" class=\"elementor elementor-19702\" data-elementor-settings=\"{&quot;element_pack_global_tooltip_width&quot;:{&quot;unit&quot;:&quot;px&quot;,&quot;size&quot;:&quot;&quot;,&quot;sizes&quot;:[]},&quot;element_pack_global_tooltip_width_tablet&quot;:{&quot;unit&quot;:&quot;px&quot;,&quot;size&quot;:&quot;&quot;,&quot;sizes&quot;:[]},&quot;element_pack_global_tooltip_width_mobile&quot;:{&quot;unit&quot;:&quot;px&quot;,&quot;size&quot;:&quot;&quot;,&quot;sizes&quot;:[]},&quot;element_pack_global_tooltip_padding&quot;:{&quot;unit&quot;:&quot;px&quot;,&quot;top&quot;:&quot;&quot;,&quot;right&quot;:&quot;&quot;,&quot;bottom&quot;:&quot;&quot;,&quot;left&quot;:&quot;&quot;,&quot;isLinked&quot;:true},&quot;element_pack_global_tooltip_padding_tablet&quot;:{&quot;unit&quot;:&quot;px&quot;,&quot;top&quot;:&quot;&quot;,&quot;right&quot;:&quot;&quot;,&quot;bottom&quot;:&quot;&quot;,&quot;left&quot;:&quot;&quot;,&quot;isLinked&quot;:true},&quot;element_pack_global_tooltip_padding_mobile&quot;:{&quot;unit&quot;:&quot;px&quot;,&quot;top&quot;:&quot;&quot;,&quot;right&quot;:&quot;&quot;,&quot;bottom&quot;:&quot;&quot;,&quot;left&quot;:&quot;&quot;,&quot;isLinked&quot;:true},&quot;element_pack_global_tooltip_border_radius&quot;:{&quot;unit&quot;:&quot;px&quot;,&quot;top&quot;:&quot;&quot;,&quot;right&quot;:&quot;&quot;,&quot;bottom&quot;:&quot;&quot;,&quot;left&quot;:&quot;&quot;,&quot;isLinked&quot;:true},&quot;element_pack_global_tooltip_border_radius_tablet&quot;:{&quot;unit&quot;:&quot;px&quot;,&quot;top&quot;:&quot;&quot;,&quot;right&quot;:&quot;&quot;,&quot;bottom&quot;:&quot;&quot;,&quot;left&quot;:&quot;&quot;,&quot;isLinked&quot;:true},&quot;element_pack_global_tooltip_border_radius_mobile&quot;:{&quot;unit&quot;:&quot;px&quot;,&quot;top&quot;:&quot;&quot;,&quot;right&quot;:&quot;&quot;,&quot;bottom&quot;:&quot;&quot;,&quot;left&quot;:&quot;&quot;,&quot;isLinked&quot;:true}}\" data-elementor-post-type=\"page\">\n\t\t\t\t<div class=\"elementor-element elementor-element-170f9ce e-con-full e-flex e-con e-parent\" data-id=\"170f9ce\" data-element_type=\"container\" data-settings=\"{&quot;background_background&quot;:&quot;classic&quot;}\">\n\t\t<div class=\"elementor-element elementor-element-b5e3850 e-flex e-con-boxed e-con e-child\" data-id=\"b5e3850\" data-element_type=\"container\">\n\t\t\t\t\t<div class=\"e-con-inner\">\n\t\t\t\t\t<\/div>\n\t\t\t\t<\/div>\n\t\t\t\t<\/div>\n\t\t<div class=\"elementor-element elementor-element-83c79e9 e-con-full e-flex e-con e-parent\" data-id=\"83c79e9\" data-element_type=\"container\" data-settings=\"{&quot;background_background&quot;:&quot;classic&quot;}\">\n\t\t<div class=\"elementor-element elementor-element-a401244 e-flex e-con-boxed e-con e-child\" data-id=\"a401244\" data-element_type=\"container\">\n\t\t\t\t\t<div class=\"e-con-inner\">\n\t\t\t\t<div class=\"elementor-element elementor-element-09d4ca5 elementor-widget__width-inherit split-breadcrumbs-y elementor-widget elementor-widget-the7-breadcrumb\" data-id=\"09d4ca5\" data-element_type=\"widget\" data-widget_type=\"the7-breadcrumb.default\">\n\t\t\t\t<div class=\"elementor-widget-container\">\n\t\t\t\t\t<div class=\"assistive-text\">Vous \u00eates ici :<\/div><ol class=\"breadcrumbs text-small rcrumbs\" itemscope itemtype=\"https:\/\/schema.org\/BreadcrumbList\"><li itemprop=\"itemListElement\" itemscope itemtype=\"https:\/\/schema.org\/ListItem\"><a itemprop=\"item\" href=\"https:\/\/refineoilpro.com\/fr\/\" title=\"Accueil\"><span itemprop=\"name\">Accueil<\/span><\/a><meta itemprop=\"position\" content=\"1\" \/><\/li><li class=\"current\" itemprop=\"itemListElement\" itemscope itemtype=\"https:\/\/schema.org\/ListItem\"><span itemprop=\"name\">Page<\/span><meta itemprop=\"position\" content=\"2\" \/><\/li><\/ol>\t\t\t\t<\/div>\n\t\t\t\t<\/div>\n\t\t\t\t\t<\/div>\n\t\t\t\t<\/div>\n\t\t\t\t<\/div>\n\t\t<div class=\"elementor-element elementor-element-2d0d3f0 e-con-full e-flex e-con e-parent\" data-id=\"2d0d3f0\" data-element_type=\"container\" data-settings=\"{&quot;background_background&quot;:&quot;classic&quot;}\">\n\t\t<div class=\"elementor-element elementor-element-a77f2f2 e-flex e-con-boxed e-con e-child\" data-id=\"a77f2f2\" data-element_type=\"container\">\n\t\t\t\t\t<div class=\"e-con-inner\">\n\t\t\t\t<div class=\"elementor-element elementor-element-53f08c6 elementor-widget elementor-widget-heading\" data-id=\"53f08c6\" data-element_type=\"widget\" data-widget_type=\"heading.default\">\n\t\t\t\t\t<h2 class=\"elementor-heading-title elementor-size-default\">FAQ<\/h2>\t\t\t\t<\/div>\n\t\t\t\t<div class=\"elementor-element elementor-element-96e2623 elementor-widget elementor-widget-text-editor\" data-id=\"96e2623\" data-element_type=\"widget\" data-widget_type=\"text-editor.default\">\n\t\t\t\t\t\t\t\t\t<p>Vous trouverez ci-dessous les r\u00e9ponses aux questions les plus fr\u00e9quemment pos\u00e9es. Si vous ne trouvez pas ce que vous cherchez, n'h\u00e9sitez pas \u00e0 nous contacter par courrier \u00e9lectronique : <a style=\"color: blue;\" href=\"mailto:sale5@olivetech.cn\">sale5@olivetech.cn<\/a>et nous prendrons contact avec vous dans les 24 heures.<\/p>\t\t\t\t\t\t\t\t<\/div>\n\t\t\t\t\t<\/div>\n\t\t\t\t<\/div>\n\t\t\t\t<\/div>\n\t\t<div class=\"elementor-element elementor-element-46f811d e-con-full e-flex e-con e-parent\" data-id=\"46f811d\" data-element_type=\"container\">\n\t\t<div class=\"elementor-element elementor-element-5644876 e-con-full e-flex e-con e-child\" data-id=\"5644876\" data-element_type=\"container\">\n\t\t<div class=\"elementor-element elementor-element-3e68958 e-con-full e-flex e-con e-child\" data-id=\"3e68958\" data-element_type=\"container\">\n\t\t\t\t<div class=\"elementor-element elementor-element-48da3a3 elementor-hidden-mobile elementor-widget elementor-widget-image\" data-id=\"48da3a3\" data-element_type=\"widget\" data-widget_type=\"image.default\">\n\t\t\t\t\t\t\t\t\t\t\t\t\t\t\t<img fetchpriority=\"high\" decoding=\"async\" width=\"570\" height=\"466\" src=\"https:\/\/refineoilpro.com\/wp-content\/uploads\/2025\/10\/pathway-faqs-picture.png\" class=\"attachment-large size-large wp-image-19704\" alt=\"\" srcset=\"https:\/\/refineoilpro.com\/wp-content\/uploads\/2025\/10\/pathway-faqs-picture.png 570w, https:\/\/refineoilpro.com\/wp-content\/uploads\/2025\/10\/pathway-faqs-picture-300x245.png 300w, https:\/\/refineoilpro.com\/wp-content\/uploads\/2025\/10\/pathway-faqs-picture-15x12.png 15w\" sizes=\"(max-width: 570px) 100vw, 570px\" \/>\t\t\t\t\t\t\t\t\t\t\t\t\t\t\t<\/div>\n\t\t\t\t<\/div>\n\t\t<div class=\"elementor-element elementor-element-45dccff e-con-full e-flex e-con e-child\" data-id=\"45dccff\" data-element_type=\"container\">\n\t\t\t\t<div class=\"elementor-element elementor-element-648d127 elementor-widget elementor-widget-bdt-accordion\" data-id=\"648d127\" data-element_type=\"widget\" data-widget_type=\"bdt-accordion.default\">\n\t\t\t\t\t\t\t<div class=\"bdt-ep-accordion-container\">\n\t\t\t<div id=\"bdt-ep-accordion-648d127\" class=\"bdt-ep-accordion bdt-accordion\" data-bdt-accordion=\"{&quot;collapsible&quot;:false,&quot;multiple&quot;:false,&quot;transition&quot;:&quot;ease-in-out&quot;}\" \t\tdata-settings=\"{&quot;id&quot;:&quot;bdt-ep-accordion-648d127&quot;,&quot;activeHash&quot;:&quot;no&quot;,&quot;activeScrollspy&quot;:null,&quot;hashTopOffset&quot;:false,&quot;hashScrollspyTime&quot;:false,&quot;closeAllItemsOnMobile&quot;:false}\">\n\t\t\t\t\t\t\t\t\t<div class=\"bdt-ep-accordion-item\">\n\t\t\t\t\t\t<div\t\t\t\t\t\t\tclass=\"bdt-ep-accordion-title bdt-accordion-title bdt-flex bdt-flex-middle\" id=\"bdt-ep-accordion-what-types-of-oil-press-machines-do-you-manufacture\"\n\t\t\t\t\t\t\tdata-accordion-index=\"0\" data-title=\"what-types-of-oil-press-machines-do-you-manufacture\">\n\n\t\t\t\t\t\t\t\n\t\t\t\t\t\t\t<span role=\"heading\" class=\"bdt-ep-title-text bdt-flex-inline bdt-flex-middle\" >\n\n\t\t\t\t\t\t\t\t\t\t\t\t\t\t\t\tQuels types de presses \u00e0 huile fabriquez-vous ?\t\t\t\t\t\t\t<\/span>\n\n\t\t\t\t\t\t<\/div>\n\t\t\t\t\t\t<div class=\"bdt-ep-accordion-content bdt-accordion-content\">\n\t\t\t\t\t\t\t<p>Nous produisons une large gamme de presses \u00e0 huile, notamment des presses \u00e0 vis, des presses hydrauliques et des presses \u00e0 huile enti\u00e8rement automatiques, adapt\u00e9es \u00e0 diff\u00e9rentes graines ol\u00e9agineuses et capacit\u00e9s de production.<\/p>\t\t\t\t\t\t<\/div>\n\t\t\t\t\t<\/div>\n\t\t\t\t\t\t\t\t\t<div class=\"bdt-ep-accordion-item\">\n\t\t\t\t\t\t<div\t\t\t\t\t\t\tclass=\"bdt-ep-accordion-title bdt-accordion-title bdt-flex bdt-flex-middle\" id=\"bdt-ep-accordion-what-oil-refining-equipment-do-you-offer\"\n\t\t\t\t\t\t\tdata-accordion-index=\"1\" data-title=\"what-oil-refining-equipment-do-you-offer\">\n\n\t\t\t\t\t\t\t\n\t\t\t\t\t\t\t<span role=\"heading\" class=\"bdt-ep-title-text bdt-flex-inline bdt-flex-middle\" >\n\n\t\t\t\t\t\t\t\t\t\t\t\t\t\t\t\tQuels sont les \u00e9quipements de raffinage du p\u00e9trole que vous proposez ?\t\t\t\t\t\t\t<\/span>\n\n\t\t\t\t\t\t<\/div>\n\t\t\t\t\t\t<div class=\"bdt-ep-accordion-content bdt-accordion-content\">\n\t\t\t\t\t\t\t<p>Notre \u00e9quipement de raffinage comprend des syst\u00e8mes discontinus, semi-continus et enti\u00e8rement continus. Ils comprennent des unit\u00e9s de d\u00e9gommage, de d\u00e9sacidification, de blanchiment et de d\u00e9sodorisation, adapt\u00e9es au raffinage du p\u00e9trole brut en huile comestible.<\/p>\t\t\t\t\t\t<\/div>\n\t\t\t\t\t<\/div>\n\t\t\t\t\t\t\t\t\t<div class=\"bdt-ep-accordion-item\">\n\t\t\t\t\t\t<div\t\t\t\t\t\t\tclass=\"bdt-ep-accordion-title bdt-accordion-title bdt-flex bdt-flex-middle\" id=\"bdt-ep-accordion-can-you-provide-customized-production-lines\"\n\t\t\t\t\t\t\tdata-accordion-index=\"2\" data-title=\"can-you-provide-customized-production-lines\">\n\n\t\t\t\t\t\t\t\n\t\t\t\t\t\t\t<span role=\"heading\" class=\"bdt-ep-title-text bdt-flex-inline bdt-flex-middle\" >\n\n\t\t\t\t\t\t\t\t\t\t\t\t\t\t\t\tPouvez-vous fournir des lignes de production personnalis\u00e9es ?\t\t\t\t\t\t\t<\/span>\n\n\t\t\t\t\t\t<\/div>\n\t\t\t\t\t\t<div class=\"bdt-ep-accordion-content bdt-accordion-content\">\n\t\t\t\t\t\t\t<p>Oui, nous fournissons des lignes de production sur mesure pour le pressage \u00e0 chaud, le pressage \u00e0 froid, l'avocat, la noix de coco, le cacao et d'autres graines ol\u00e9agineuses. Des \u00e9quipements auxiliaires tels que des torr\u00e9facteurs, des filtres, des \u00e9l\u00e9vateurs et des machines de remplissage peuvent \u00eatre inclus.<\/p>\t\t\t\t\t\t<\/div>\n\t\t\t\t\t<\/div>\n\t\t\t\t\t\t\t\t\t<div class=\"bdt-ep-accordion-item\">\n\t\t\t\t\t\t<div\t\t\t\t\t\t\tclass=\"bdt-ep-accordion-title bdt-accordion-title bdt-flex bdt-flex-middle\" id=\"bdt-ep-accordion-what-is-your-minimum-order-quantity-moq\"\n\t\t\t\t\t\t\tdata-accordion-index=\"3\" data-title=\"what-is-your-minimum-order-quantity-moq\">\n\n\t\t\t\t\t\t\t\n\t\t\t\t\t\t\t<span role=\"heading\" class=\"bdt-ep-title-text bdt-flex-inline bdt-flex-middle\" >\n\n\t\t\t\t\t\t\t\t\t\t\t\t\t\t\t\tQuelle est la quantit\u00e9 minimale de commande (MOQ) ?\t\t\t\t\t\t\t<\/span>\n\n\t\t\t\t\t\t<\/div>\n\t\t\t\t\t\t<div class=\"bdt-ep-accordion-content bdt-accordion-content\">\n\t\t\t\t\t\t\t<p>La QMo d\u00e9pend du type de produit. Pour la plupart des machines, les commandes \u00e0 l'unit\u00e9 sont accept\u00e9es. Pour les lignes de production compl\u00e8tes, le co\u00fbt de revient sera discut\u00e9 en fonction de la configuration de l'\u00e9quipement.<\/p>\t\t\t\t\t\t<\/div>\n\t\t\t\t\t<\/div>\n\t\t\t\t\t\t\t\t\t<div class=\"bdt-ep-accordion-item\">\n\t\t\t\t\t\t<div\t\t\t\t\t\t\tclass=\"bdt-ep-accordion-title bdt-accordion-title bdt-flex bdt-flex-middle\" id=\"bdt-ep-accordion-do-you-support-oemodm-services\"\n\t\t\t\t\t\t\tdata-accordion-index=\"4\" data-title=\"do-you-support-oem-odm-services\">\n\n\t\t\t\t\t\t\t\n\t\t\t\t\t\t\t<span role=\"heading\" class=\"bdt-ep-title-text bdt-flex-inline bdt-flex-middle\" >\n\n\t\t\t\t\t\t\t\t\t\t\t\t\t\t\t\tPrenez-vous en charge les services OEM\/ODM ?\t\t\t\t\t\t\t<\/span>\n\n\t\t\t\t\t\t<\/div>\n\t\t\t\t\t\t<div class=\"bdt-ep-accordion-content bdt-accordion-content\">\n\t\t\t\t\t\t\t<p>Oui, nous offrons des services OEM et ODM complets, y compris la personnalisation du mat\u00e9riau, de la couleur, du logo, de la capacit\u00e9 et de l'emballage.<\/p>\t\t\t\t\t\t<\/div>\n\t\t\t\t\t<\/div>\n\t\t\t\t\t\t\t\t\t<div class=\"bdt-ep-accordion-item\">\n\t\t\t\t\t\t<div\t\t\t\t\t\t\tclass=\"bdt-ep-accordion-title bdt-accordion-title bdt-flex bdt-flex-middle\" id=\"bdt-ep-accordion-how-do-you-ensure-product-quality\"\n\t\t\t\t\t\t\tdata-accordion-index=\"5\" data-title=\"how-do-you-ensure-product-quality\">\n\n\t\t\t\t\t\t\t\n\t\t\t\t\t\t\t<span role=\"heading\" class=\"bdt-ep-title-text bdt-flex-inline bdt-flex-middle\" >\n\n\t\t\t\t\t\t\t\t\t\t\t\t\t\t\t\tComment garantissez-vous la qualit\u00e9 des produits ?\t\t\t\t\t\t\t<\/span>\n\n\t\t\t\t\t\t<\/div>\n\t\t\t\t\t\t<div class=\"bdt-ep-accordion-content bdt-accordion-content\">\n\t\t\t\t\t\t\t<p>Nous contr\u00f4lons chaque \u00e9tape, de la s\u00e9lection des mati\u00e8res premi\u00e8res \u00e0 l'usinage et \u00e0 l'assemblage. Toutes les machines sont soumises \u00e0 de multiples inspections et \u00e0 des tests de performance avant d'\u00eatre exp\u00e9di\u00e9es.<\/p>\t\t\t\t\t\t<\/div>\n\t\t\t\t\t<\/div>\n\t\t\t\t\t\t\t\t\t<div class=\"bdt-ep-accordion-item\">\n\t\t\t\t\t\t<div\t\t\t\t\t\t\tclass=\"bdt-ep-accordion-title bdt-accordion-title bdt-flex bdt-flex-middle\" id=\"bdt-ep-accordion-do-you-provide-installation-and-training-services\"\n\t\t\t\t\t\t\tdata-accordion-index=\"6\" data-title=\"do-you-provide-installation-and-training-services\">\n\n\t\t\t\t\t\t\t\n\t\t\t\t\t\t\t<span role=\"heading\" class=\"bdt-ep-title-text bdt-flex-inline bdt-flex-middle\" >\n\n\t\t\t\t\t\t\t\t\t\t\t\t\t\t\t\tFournissez-vous des services d'installation et de formation ?\t\t\t\t\t\t\t<\/span>\n\n\t\t\t\t\t\t<\/div>\n\t\t\t\t\t\t<div class=\"bdt-ep-accordion-content bdt-accordion-content\">\n\t\t\t\t\t\t\t<p>Oui, nous fournissons des conseils professionnels, y compris l'installation, la mise en service et la formation des op\u00e9rateurs, afin d'assurer le bon fonctionnement de l'\u00e9quipement.<\/p>\t\t\t\t\t\t<\/div>\n\t\t\t\t\t<\/div>\n\t\t\t\t\t\t\t\t\t<div class=\"bdt-ep-accordion-item\">\n\t\t\t\t\t\t<div\t\t\t\t\t\t\tclass=\"bdt-ep-accordion-title bdt-accordion-title bdt-flex bdt-flex-middle\" id=\"bdt-ep-accordion-what-is-the-warranty-period\"\n\t\t\t\t\t\t\tdata-accordion-index=\"7\" data-title=\"what-is-the-warranty-period\">\n\n\t\t\t\t\t\t\t\n\t\t\t\t\t\t\t<span role=\"heading\" class=\"bdt-ep-title-text bdt-flex-inline bdt-flex-middle\" >\n\n\t\t\t\t\t\t\t\t\t\t\t\t\t\t\t\tQuelle est la dur\u00e9e de la garantie ?\t\t\t\t\t\t\t<\/span>\n\n\t\t\t\t\t\t<\/div>\n\t\t\t\t\t\t<div class=\"bdt-ep-accordion-content bdt-accordion-content\">\n\t\t\t\t\t\t\t<p>Toutes les machines b\u00e9n\u00e9ficient d'une garantie de 12 mois. Nous fournissons \u00e9galement des pi\u00e8ces de rechange et une assistance technique pour assurer un service \u00e0 long terme.<\/p>\t\t\t\t\t\t<\/div>\n\t\t\t\t\t<\/div>\n\t\t\t\t\t\t\t\t\t<div class=\"bdt-ep-accordion-item\">\n\t\t\t\t\t\t<div\t\t\t\t\t\t\tclass=\"bdt-ep-accordion-title bdt-accordion-title bdt-flex bdt-flex-middle\" id=\"bdt-ep-accordion-how-long-does-it-take-to-receive-a-customized-machine-or-production-line\"\n\t\t\t\t\t\t\tdata-accordion-index=\"8\" data-title=\"how-long-does-it-take-to-receive-a-customized-machine-or-production-line\">\n\n\t\t\t\t\t\t\t\n\t\t\t\t\t\t\t<span role=\"heading\" class=\"bdt-ep-title-text bdt-flex-inline bdt-flex-middle\" >\n\n\t\t\t\t\t\t\t\t\t\t\t\t\t\t\t\tCombien de temps faut-il pour recevoir une machine ou une ligne de production personnalis\u00e9e ?\t\t\t\t\t\t\t<\/span>\n\n\t\t\t\t\t\t<\/div>\n\t\t\t\t\t\t<div class=\"bdt-ep-accordion-content bdt-accordion-content\">\n\t\t\t\t\t\t\t<p>Le d\u00e9lai de livraison d\u00e9pend de la taille et de la complexit\u00e9 du projet. En g\u00e9n\u00e9ral, les machines individuelles peuvent \u00eatre livr\u00e9es dans un d\u00e9lai de 2 \u00e0 4 semaines, tandis que les lignes de production compl\u00e8tes peuvent n\u00e9cessiter 2 \u00e0 3 mois.<\/p>\t\t\t\t\t\t<\/div>\n\t\t\t\t\t<\/div>\n\t\t\t\t\t\t\t<\/div>\n\t\t<\/div>\n\t\t\t\t\t\t<\/div>\n\t\t\t\t<\/div>\n\t\t\t\t<\/div>\n\t\t\t\t<\/div>\n\t\t\t\t<\/div>","protected":false},"excerpt":{"rendered":"<p>You are here: Home Page FAQs Find answers to our most frequently asked questions below. If you can&#8217;t find what you&#8217;re looking for, please contact us via email: sale5@olivetech.cn, and we&#8217;ll get in touch within 24 hours. What types of oil press machines do you manufacture? We produce a wide range of oil press machines&hellip;<\/p>","protected":false},"author":1,"featured_media":0,"parent":0,"menu_order":0,"comment_status":"closed","ping_status":"closed","template":"","meta":{"_acf_changed":false,"footnotes":""},"class_list":["post-19702","page","type-page","status-publish","hentry"],"acf":[],"yoast_head":"<!-- This site is optimized with the Yoast SEO Premium plugin v26.6 (Yoast SEO v26.6) - https:\/\/yoast.com\/wordpress\/plugins\/seo\/ -->\n<title>FAQs - Henan Olive Technology Co., Ltd.<\/title>\n<meta name=\"robots\" content=\"index, follow, max-snippet:-1, max-image-preview:large, max-video-preview:-1\" \/>\n<link rel=\"canonical\" href=\"https:\/\/refineoilpro.com\/fr\/faqs\/\" \/>\n<meta property=\"og:locale\" content=\"fr_FR\" \/>\n<meta property=\"og:type\" content=\"article\" \/>\n<meta property=\"og:title\" content=\"FAQs\" \/>\n<meta property=\"og:description\" content=\"You are here: Home Page FAQs Find answers to our most frequently asked questions below. If you can&#8217;t find what you&#8217;re looking for, please contact us via email: sale5@olivetech.cn, and we&#8217;ll get in touch within 24 hours. What types of oil press machines do you manufacture? We produce a wide range of oil press machines&hellip;\" \/>\n<meta property=\"og:url\" content=\"https:\/\/refineoilpro.com\/fr\/faqs\/\" \/>\n<meta property=\"og:site_name\" content=\"Henan Olive Technology Co., Ltd.\" \/>\n<meta property=\"article:modified_time\" content=\"2025-10-31T03:16:35+00:00\" \/>\n<meta property=\"og:image\" content=\"https:\/\/refineoilpro.com\/wp-content\/uploads\/2025\/10\/pathway-faqs-picture.png\" \/>\n<meta name=\"twitter:card\" content=\"summary_large_image\" \/>\n<meta name=\"twitter:label1\" content=\"Dur\u00e9e de lecture estim\u00e9e\" \/>\n\t<meta name=\"twitter:data1\" content=\"2 minutes\" \/>\n<script type=\"application\/ld+json\" class=\"yoast-schema-graph\">{\"@context\":\"https:\/\/schema.org\",\"@graph\":[{\"@type\":\"WebPage\",\"@id\":\"https:\/\/refineoilpro.com\/faqs\/\",\"url\":\"https:\/\/refineoilpro.com\/faqs\/\",\"name\":\"FAQs - Henan Olive Technology Co., Ltd.\",\"isPartOf\":{\"@id\":\"https:\/\/refineoilpro.com\/#website\"},\"primaryImageOfPage\":{\"@id\":\"https:\/\/refineoilpro.com\/faqs\/#primaryimage\"},\"image\":{\"@id\":\"https:\/\/refineoilpro.com\/faqs\/#primaryimage\"},\"thumbnailUrl\":\"https:\/\/refineoilpro.com\/wp-content\/uploads\/2025\/10\/pathway-faqs-picture.png\",\"datePublished\":\"2025-10-12T08:58:36+00:00\",\"dateModified\":\"2025-10-31T03:16:35+00:00\",\"breadcrumb\":{\"@id\":\"https:\/\/refineoilpro.com\/faqs\/#breadcrumb\"},\"inLanguage\":\"fr-FR\",\"potentialAction\":[{\"@type\":\"ReadAction\",\"target\":[\"https:\/\/refineoilpro.com\/faqs\/\"]}]},{\"@type\":\"ImageObject\",\"inLanguage\":\"fr-FR\",\"@id\":\"https:\/\/refineoilpro.com\/faqs\/#primaryimage\",\"url\":\"https:\/\/refineoilpro.com\/wp-content\/uploads\/2025\/10\/pathway-faqs-picture.png\",\"contentUrl\":\"https:\/\/refineoilpro.com\/wp-content\/uploads\/2025\/10\/pathway-faqs-picture.png\"},{\"@type\":\"BreadcrumbList\",\"@id\":\"https:\/\/refineoilpro.com\/faqs\/#breadcrumb\",\"itemListElement\":[{\"@type\":\"ListItem\",\"position\":1,\"name\":\"Home\",\"item\":\"https:\/\/refineoilpro.com\/\"},{\"@type\":\"ListItem\",\"position\":2,\"name\":\"FAQs\"}]},{\"@type\":\"WebSite\",\"@id\":\"https:\/\/refineoilpro.com\/#website\",\"url\":\"https:\/\/refineoilpro.com\/\",\"name\":\"Henan Olive Technology Co., Ltd.\",\"description\":\"Reliable Machinery Solutions for Food, Agriculture &amp; Packaging\",\"publisher\":{\"@id\":\"https:\/\/refineoilpro.com\/#organization\"},\"potentialAction\":[{\"@type\":\"SearchAction\",\"target\":{\"@type\":\"EntryPoint\",\"urlTemplate\":\"https:\/\/refineoilpro.com\/?s={search_term_string}\"},\"query-input\":{\"@type\":\"PropertyValueSpecification\",\"valueRequired\":true,\"valueName\":\"search_term_string\"}}],\"inLanguage\":\"fr-FR\"},{\"@type\":\"Organization\",\"@id\":\"https:\/\/refineoilpro.com\/#organization\",\"name\":\"Henan Olive Technology Co., Ltd.\",\"url\":\"https:\/\/refineoilpro.com\/\",\"logo\":{\"@type\":\"ImageObject\",\"inLanguage\":\"fr-FR\",\"@id\":\"https:\/\/refineoilpro.com\/#\/schema\/logo\/image\/\",\"url\":\"https:\/\/refineoilpro.com\/wp-content\/uploads\/2025\/12\/\u516c\u53f8Logo.png\",\"contentUrl\":\"https:\/\/refineoilpro.com\/wp-content\/uploads\/2025\/12\/\u516c\u53f8Logo.png\",\"width\":375,\"height\":375,\"caption\":\"Henan Olive Technology Co., Ltd.\"},\"image\":{\"@id\":\"https:\/\/refineoilpro.com\/#\/schema\/logo\/image\/\"}}]}<\/script>\n<!-- \/ Yoast SEO Premium plugin. -->","yoast_head_json":{"title":"FAQ - Henan Olive Technology Co.","robots":{"index":"index","follow":"follow","max-snippet":"max-snippet:-1","max-image-preview":"max-image-preview:large","max-video-preview":"max-video-preview:-1"},"canonical":"https:\/\/refineoilpro.com\/fr\/faqs\/","og_locale":"fr_FR","og_type":"article","og_title":"FAQs","og_description":"You are here: Home Page FAQs Find answers to our most frequently asked questions below. If you can&#8217;t find what you&#8217;re looking for, please contact us via email: sale5@olivetech.cn, and we&#8217;ll get in touch within 24 hours. What types of oil press machines do you manufacture? We produce a wide range of oil press machines&hellip;","og_url":"https:\/\/refineoilpro.com\/fr\/faqs\/","og_site_name":"Henan Olive Technology Co., Ltd.","article_modified_time":"2025-10-31T03:16:35+00:00","og_image":[{"url":"https:\/\/refineoilpro.com\/wp-content\/uploads\/2025\/10\/pathway-faqs-picture.png","type":"","width":"","height":""}],"twitter_card":"summary_large_image","twitter_misc":{"Dur\u00e9e de lecture estim\u00e9e":"2 minutes"},"schema":{"@context":"https:\/\/schema.org","@graph":[{"@type":"WebPage","@id":"https:\/\/refineoilpro.com\/faqs\/","url":"https:\/\/refineoilpro.com\/faqs\/","name":"FAQ - Henan Olive Technology Co.","isPartOf":{"@id":"https:\/\/refineoilpro.com\/#website"},"primaryImageOfPage":{"@id":"https:\/\/refineoilpro.com\/faqs\/#primaryimage"},"image":{"@id":"https:\/\/refineoilpro.com\/faqs\/#primaryimage"},"thumbnailUrl":"https:\/\/refineoilpro.com\/wp-content\/uploads\/2025\/10\/pathway-faqs-picture.png","datePublished":"2025-10-12T08:58:36+00:00","dateModified":"2025-10-31T03:16:35+00:00","breadcrumb":{"@id":"https:\/\/refineoilpro.com\/faqs\/#breadcrumb"},"inLanguage":"fr-FR","potentialAction":[{"@type":"ReadAction","target":["https:\/\/refineoilpro.com\/faqs\/"]}]},{"@type":"ImageObject","inLanguage":"fr-FR","@id":"https:\/\/refineoilpro.com\/faqs\/#primaryimage","url":"https:\/\/refineoilpro.com\/wp-content\/uploads\/2025\/10\/pathway-faqs-picture.png","contentUrl":"https:\/\/refineoilpro.com\/wp-content\/uploads\/2025\/10\/pathway-faqs-picture.png"},{"@type":"BreadcrumbList","@id":"https:\/\/refineoilpro.com\/faqs\/#breadcrumb","itemListElement":[{"@type":"ListItem","position":1,"name":"Home","item":"https:\/\/refineoilpro.com\/"},{"@type":"ListItem","position":2,"name":"FAQs"}]},{"@type":"WebSite","@id":"https:\/\/refineoilpro.com\/#website","url":"https:\/\/refineoilpro.com\/","name":"Henan Olive Technology Co.","description":"Des solutions fiables pour l'alimentation, l'agriculture et l'emballage","publisher":{"@id":"https:\/\/refineoilpro.com\/#organization"},"potentialAction":[{"@type":"SearchAction","target":{"@type":"EntryPoint","urlTemplate":"https:\/\/refineoilpro.com\/?s={search_term_string}"},"query-input":{"@type":"PropertyValueSpecification","valueRequired":true,"valueName":"search_term_string"}}],"inLanguage":"fr-FR"},{"@type":"Organization","@id":"https:\/\/refineoilpro.com\/#organization","name":"Henan Olive Technology Co.","url":"https:\/\/refineoilpro.com\/","logo":{"@type":"ImageObject","inLanguage":"fr-FR","@id":"https:\/\/refineoilpro.com\/#\/schema\/logo\/image\/","url":"https:\/\/refineoilpro.com\/wp-content\/uploads\/2025\/12\/\u516c\u53f8Logo.png","contentUrl":"https:\/\/refineoilpro.com\/wp-content\/uploads\/2025\/12\/\u516c\u53f8Logo.png","width":375,"height":375,"caption":"Henan Olive Technology Co., Ltd."},"image":{"@id":"https:\/\/refineoilpro.com\/#\/schema\/logo\/image\/"}}]}},"_hostinger_reach_plugin_has_subscription_block":false,"_hostinger_reach_plugin_is_elementor":false,"_links":{"self":[{"href":"https:\/\/refineoilpro.com\/fr\/wp-json\/wp\/v2\/pages\/19702","targetHints":{"allow":["GET"]}}],"collection":[{"href":"https:\/\/refineoilpro.com\/fr\/wp-json\/wp\/v2\/pages"}],"about":[{"href":"https:\/\/refineoilpro.com\/fr\/wp-json\/wp\/v2\/types\/page"}],"author":[{"embeddable":true,"href":"https:\/\/refineoilpro.com\/fr\/wp-json\/wp\/v2\/users\/1"}],"replies":[{"embeddable":true,"href":"https:\/\/refineoilpro.com\/fr\/wp-json\/wp\/v2\/comments?post=19702"}],"version-history":[{"count":29,"href":"https:\/\/refineoilpro.com\/fr\/wp-json\/wp\/v2\/pages\/19702\/revisions"}],"predecessor-version":[{"id":20678,"href":"https:\/\/refineoilpro.com\/fr\/wp-json\/wp\/v2\/pages\/19702\/revisions\/20678"}],"wp:attachment":[{"href":"https:\/\/refineoilpro.com\/fr\/wp-json\/wp\/v2\/media?parent=19702"}],"curies":[{"name":"wp","href":"https:\/\/api.w.org\/{rel}","templated":true}]}}