{"id":20803,"date":"2025-11-20T07:40:18","date_gmt":"2025-11-20T07:40:18","guid":{"rendered":"https:\/\/refineoilpro.com\/?post_type=product&#038;p=20803"},"modified":"2025-12-05T01:44:53","modified_gmt":"2025-12-05T01:44:53","slug":"fabricant-de-ligne-de-deshuilage-a-vis-personnalisable","status":"publish","type":"product","link":"https:\/\/refineoilpro.com\/fr\/produit\/fabricant-de-ligne-de-deshuilage-a-vis-personnalisable\/","title":{"rendered":"Ligne d'extraction d'huile \u00e0 vis personnalisable Fabricant"},"content":{"rendered":"<div data-elementor-type=\"product-post\" data-elementor-id=\"20803\" class=\"elementor elementor-20803\" data-elementor-settings=\"{&quot;element_pack_global_tooltip_width&quot;:{&quot;unit&quot;:&quot;px&quot;,&quot;size&quot;:&quot;&quot;,&quot;sizes&quot;:[]},&quot;element_pack_global_tooltip_width_tablet&quot;:{&quot;unit&quot;:&quot;px&quot;,&quot;size&quot;:&quot;&quot;,&quot;sizes&quot;:[]},&quot;element_pack_global_tooltip_width_mobile&quot;:{&quot;unit&quot;:&quot;px&quot;,&quot;size&quot;:&quot;&quot;,&quot;sizes&quot;:[]},&quot;element_pack_global_tooltip_padding&quot;:{&quot;unit&quot;:&quot;px&quot;,&quot;top&quot;:&quot;&quot;,&quot;right&quot;:&quot;&quot;,&quot;bottom&quot;:&quot;&quot;,&quot;left&quot;:&quot;&quot;,&quot;isLinked&quot;:true},&quot;element_pack_global_tooltip_padding_tablet&quot;:{&quot;unit&quot;:&quot;px&quot;,&quot;top&quot;:&quot;&quot;,&quot;right&quot;:&quot;&quot;,&quot;bottom&quot;:&quot;&quot;,&quot;left&quot;:&quot;&quot;,&quot;isLinked&quot;:true},&quot;element_pack_global_tooltip_padding_mobile&quot;:{&quot;unit&quot;:&quot;px&quot;,&quot;top&quot;:&quot;&quot;,&quot;right&quot;:&quot;&quot;,&quot;bottom&quot;:&quot;&quot;,&quot;left&quot;:&quot;&quot;,&quot;isLinked&quot;:true},&quot;element_pack_global_tooltip_border_radius&quot;:{&quot;unit&quot;:&quot;px&quot;,&quot;top&quot;:&quot;&quot;,&quot;right&quot;:&quot;&quot;,&quot;bottom&quot;:&quot;&quot;,&quot;left&quot;:&quot;&quot;,&quot;isLinked&quot;:true},&quot;element_pack_global_tooltip_border_radius_tablet&quot;:{&quot;unit&quot;:&quot;px&quot;,&quot;top&quot;:&quot;&quot;,&quot;right&quot;:&quot;&quot;,&quot;bottom&quot;:&quot;&quot;,&quot;left&quot;:&quot;&quot;,&quot;isLinked&quot;:true},&quot;element_pack_global_tooltip_border_radius_mobile&quot;:{&quot;unit&quot;:&quot;px&quot;,&quot;top&quot;:&quot;&quot;,&quot;right&quot;:&quot;&quot;,&quot;bottom&quot;:&quot;&quot;,&quot;left&quot;:&quot;&quot;,&quot;isLinked&quot;:true}}\" data-elementor-post-type=\"product\">\n\t\t\t\t<div class=\"elementor-element elementor-element-75b414b7 e-flex e-con-boxed e-con e-parent\" data-id=\"75b414b7\" data-element_type=\"container\">\n\t\t\t\t\t<div class=\"e-con-inner\">\n\t\t\t\t<div class=\"elementor-element elementor-element-75c3cf6 elementor-widget__width-initial elementor-widget elementor-widget-bdt-tabs\" data-id=\"75c3cf6\" data-element_type=\"widget\" data-widget_type=\"bdt-tabs.default\">\n\t\t\t\t\t        <div class=\"bdt-tabs-area\">\n\n            <div id=\"bdt-tabs-75c3cf6-4147\" class=\"bdt-tabs  bdt-tabs-default fullwidth-on-mobile\" data-settings=\"{&quot;id&quot;:&quot;bdt-tabs-75c3cf6-4147&quot;,&quot;activeHash&quot;:&quot;no&quot;,&quot;hashTopOffset&quot;:70,&quot;hashScrollspyTime&quot;:1500,&quot;navStickyOffset&quot;:1,&quot;linkSectionSettings&quot;:[&quot;#chair&quot;,&quot;#bed&quot;,&quot;#sofa&quot;,&quot;#lamp&quot;],&quot;linkWidgetId&quot;:&quot;75c3cf6-4147&quot;}\">\n                        <div class=\"bdt-tab-wrapper bdt-flex bdt-flex-left\">\n            <div class=\"bdt-tabs-wrap-inside\">\n                <div class=\"bdt-tab bdt-tab-default  bdt-flex bdt-flex-left\" data-bdt-tab=\"connect: #bdt-tab-content-75c3cf6-4147;\" data-bdt-height-match=\"target: &gt; .bdt-tabs-item &gt; .bdt-tabs-item-title; row: false;\">\n                                            <div class=\"bdt-tabs-item\">\n                            <a data-title=\"Product-Parameters\" class=\"bdt-tabs-item-title\" id=\"bdt-tab-Product-Parameters\" data-tab-index=\"0\" href=\"#\">\n                                <div class=\"bdt-tab-text-wrapper bdt-flex-column\">\n\n                                    <div class=\"bdt-tab-title-icon-wrapper\">\n\n                                        \n                                                                                    <span class=\"bdt-tab-text\">\n                                                Param\u00e8tres du produit                                            <\/span>\n                                        \n                                        \n                                    <\/div>\n\n                                    \n                                <\/div>\n                            <\/a>\n                        <\/div>\n                                            <div class=\"bdt-tabs-item\">\n                            <a data-title=\"Product-Display\" class=\"bdt-tabs-item-title\" id=\"bdt-tab-Product-Display\" data-tab-index=\"1\" href=\"#\">\n                                <div class=\"bdt-tab-text-wrapper bdt-flex-column\">\n\n                                    <div class=\"bdt-tab-title-icon-wrapper\">\n\n                                        \n                                                                                    <span class=\"bdt-tab-text\">\n                                                Pr\u00e9sentoir de produits                                            <\/span>\n                                        \n                                        \n                                    <\/div>\n\n                                    \n                                <\/div>\n                            <\/a>\n                        <\/div>\n                                            <div class=\"bdt-tabs-item\">\n                            <a data-title=\"Product-Applications\" class=\"bdt-tabs-item-title\" id=\"bdt-tab-Product-Applications\" data-tab-index=\"2\" href=\"#\">\n                                <div class=\"bdt-tab-text-wrapper bdt-flex-column\">\n\n                                    <div class=\"bdt-tab-title-icon-wrapper\">\n\n                                        \n                                                                                    <span class=\"bdt-tab-text\">\n                                                Applications des produits                                            <\/span>\n                                        \n                                        \n                                    <\/div>\n\n                                    \n                                <\/div>\n                            <\/a>\n                        <\/div>\n                                            <div class=\"bdt-tabs-item\">\n                            <a data-title=\"Packaging-and-Transportation\" class=\"bdt-tabs-item-title\" id=\"bdt-tab-Packaging-and-Transportation\" data-tab-index=\"3\" href=\"#\">\n                                <div class=\"bdt-tab-text-wrapper bdt-flex-column\">\n\n                                    <div class=\"bdt-tab-title-icon-wrapper\">\n\n                                        \n                                                                                    <span class=\"bdt-tab-text\">\n                                                Emballage et transport                                            <\/span>\n                                        \n                                        \n                                    <\/div>\n\n                                    \n                                <\/div>\n                            <\/a>\n                        <\/div>\n                                    <\/div>\n            <\/div>\n        <\/div>\n\n        <div class=\"bdt-switcher-wrapper\">\n            <div id=\"bdt-tab-content-75c3cf6-4147\" class=\"bdt-switcher bdt-switcher-item-content\">\n                                                        <div class=\"bdt-tab-content-item\" \n                    data-content-id=\"product-parameters\">\n                        <div>\n                                                    <\/div>\n                    <\/div>\n                                                        <div class=\"bdt-tab-content-item\" \n                    data-content-id=\"product-display\">\n                        <div>\n                                                    <\/div>\n                    <\/div>\n                                                        <div class=\"bdt-tab-content-item\" \n                    data-content-id=\"product-applications\">\n                        <div>\n                                                    <\/div>\n                    <\/div>\n                                                        <div class=\"bdt-tab-content-item\" \n                    data-content-id=\"packaging-and-transportation\">\n                        <div>\n                                                    <\/div>\n                    <\/div>\n                            <\/div>\n        <\/div>\n                    <a href=\"#\" id=\"bottom-anchor-75c3cf6-4147\" data-bdt-hidden><\/a>\n            <\/div>\n        <\/div>\n    \t\t\t\t<\/div>\n\t\t<div class=\"elementor-element elementor-element-4be79ba e-con-full e-flex e-con e-child\" data-id=\"4be79ba\" data-element_type=\"container\" id=\"chair\">\n\t\t\t\t<div class=\"elementor-element elementor-element-701031a elementor-widget elementor-widget-text-editor\" data-id=\"701031a\" data-element_type=\"widget\" data-widget_type=\"text-editor.default\">\n\t\t\t\t\t\t\t\t\t<div class=\"hydraulic-press-wrapper\"><table class=\"hydraulic-press-table\"><thead><tr><th class=\"table-title\" colspan=\"8\">Param\u00e8tres de la presse \u00e0 huile hydraulique<\/th><\/tr><tr class=\"header-row\"><th>Mod\u00e8le<\/th><th>MX180<\/th><th>MX230<\/th><th>MX260<\/th><th>MX320<\/th><th>MX360<\/th><th>MX415<\/th><th>MX460<\/th><\/tr><\/thead><tbody><tr><td class=\"param-name\">Capacit\u00e9 du produit<\/td><td>4kg\/lot<\/td><td>8kg\/lot<\/td><td>12kg\/lot<\/td><td>17kg\/lot<\/td><td>22kg\/lot<\/td><td>30kg\/lot<\/td><td>50kg\/lot<\/td><\/tr><tr><td class=\"param-name\">Cycle de temps du lot<\/td><td>10-12 minutes<\/td><td>8-10 minutes<\/td><td>8-10 minutes<\/td><td>8-10 minutes<\/td><td>12-15 minutes<\/td><td>12-15 minutes<\/td><td>12-15 min<\/td><\/tr><tr><td class=\"param-name\">Puissance<\/td><td>0,75KW<\/td><td>1,5KW<\/td><td>1,5KW<\/td><td>2.2KW<\/td><td>2.2KW<\/td><td>2.2KW<\/td><td>2.2KW<\/td><\/tr><tr><td class=\"param-name\">Pression de service<\/td><td>55-60Mpa<\/td><td>55-60Mpa<\/td><td>55-60Mpa<\/td><td>55-60Mpa<\/td><td>55-60Mpa<\/td><td>55-60Mpa<\/td><td>55-60Mpa<\/td><\/tr><tr><td class=\"param-name\">Contr\u00f4le de la temp\u00e9rature<\/td><td>70\u00b0<\/td><td>70\u00b0<\/td><td>70\u00b0<\/td><td>70\u00b0<\/td><td>70\u00b0<\/td><td>70\u00b0<\/td><td>70\u00b0<\/td><\/tr><tr><td class=\"param-name\">Poids<\/td><td>550 kg<\/td><td>950 kg<\/td><td>1200kg<\/td><td>1700kg<\/td><td>2000kg<\/td><td>2200kg<\/td><td>3000kg<\/td><\/tr><tr><td class=\"param-name\">Surdimensionnement mm<\/td><td>800\u00d7900\u00d71050<\/td><td>900\u00d71000\u00d71400<\/td><td>1050\u00d71200\u00d71650<\/td><td>1120\u00d71200\u00d71650<\/td><td>1200\u00d71200\u00d71680<\/td><td>1250\u00d71250\u00d71700<\/td><td>1450\u00d71450\u00d71950<\/td><\/tr><\/tbody><tfoot><tr><td class=\"table-footer\" colspan=\"8\">La capacit\u00e9 est bas\u00e9e sur le s\u00e9same, les diff\u00e9rentes graines sont sujettes \u00e0 la production r\u00e9elle.<\/td><\/tr><\/tfoot><\/table><\/div><p>\u00a0<\/p>\t\t\t\t\t\t\t\t<\/div>\n\t\t\t\t<div class=\"elementor-element elementor-element-ac4b8a4 elementor-widget elementor-widget-text-editor\" data-id=\"ac4b8a4\" data-element_type=\"widget\" data-widget_type=\"text-editor.default\">\n\t\t\t\t\t\t\t\t\t<h1 style=\"text-align: center;\"><span style=\"color: #000000;\"><strong>Emballage et transport des produits<\/strong><\/span><\/h1><blockquote><p><strong><span style=\"color: #ff6600;\">1. Confirmation de la commande<\/span><\/strong><\/p><\/blockquote><p>Une fois que le client a pass\u00e9 sa commande, nous confirmons imm\u00e9diatement les informations sur le produit, la quantit\u00e9, les accessoires et les exigences en mati\u00e8re d'emballage afin de nous assurer que tous les d\u00e9tails sont exacts et exempts d'erreurs.<\/p><blockquote><p><span style=\"color: #ff6600;\">2. Emballage du produit<\/span><\/p><\/blockquote><p>L'emballage de protection pr\u00e9liminaire doit \u00eatre effectu\u00e9 en fonction du type de produit, comme le papier bulle, le film antichoc, la couche protectrice anti-rayures, etc. afin de s'assurer que le produit n'est pas endommag\u00e9 pendant le transport.<\/p><blockquote><p><span style=\"color: #ff6600;\">3. Emballage ext\u00e9rieur<\/span><\/p><\/blockquote><p>Emballer des produits individuels ou multiples dans des caisses sp\u00e9ciales en bois \u00e9pais selon les besoins, remplir l'int\u00e9rieur avec des mat\u00e9riaux de rembourrage, sceller les caisses ext\u00e9rieures et apposer des \u00e9tiquettes de transport.<\/p><blockquote><p><strong><span style=\"color: #ff6600;\">4. Confirmation de l'emballage<\/span><\/strong><\/p><\/blockquote><p>Le personnel charg\u00e9 de l'inspection de la qualit\u00e9 contr\u00f4le les produits emball\u00e9s, v\u00e9rifie la quantit\u00e9 de produits, la fermet\u00e9 des bo\u00eetes ext\u00e9rieures et l'exactitude des \u00e9tiquettes.<\/p><blockquote><p><span style=\"color: #ff6600;\"><strong>5. Livraison de la logistique<\/strong><\/span><\/p><\/blockquote><p>En fonction du mode de transport choisi par le client (maritime\/a\u00e9rien\/express), organiser l'exp\u00e9dition de la logistique \u00e0 partir de l'entrep\u00f4t et fournir le num\u00e9ro de suivi pour une visualisation en temps r\u00e9el de la progression du transport.<\/p><blockquote><p><strong><span style=\"color: #ff6600;\">6. Livraison des produits<\/span><\/strong><\/p><\/blockquote><p>Les produits sont livr\u00e9s en toute s\u00e9curit\u00e9 aux clients. En cas de probl\u00e8me lors de la livraison, nous assurons un service apr\u00e8s-vente complet pour garantir la satisfaction du client.<\/p>\t\t\t\t\t\t\t\t<\/div>\n\t\t\t\t<\/div>\n\t\t<div class=\"elementor-element elementor-element-dfe487d e-con-full e-flex e-con e-child\" data-id=\"dfe487d\" data-element_type=\"container\" id=\"bed\">\n\t\t\t\t<\/div>\n\t\t\t\t\t<\/div>\n\t\t\t\t<\/div>\n\t\t\t\t<\/div>","protected":false},"excerpt":{"rendered":"<div class=\"prod-desc\">Cette presse \u00e0 huile industrielle \u00e0 vis est con\u00e7ue pour les petites entreprises, avec une capacit\u00e9 de 150-230 kg\/h, un diam\u00e8tre de vis de 100 mm et un fonctionnement enti\u00e8rement automatique, garantissant une productivit\u00e9 \u00e9lev\u00e9e et des co\u00fbts de main-d'\u0153uvre r\u00e9duits. Cette machine prend en charge les m\u00e9thodes de pressage \u00e0 froid et de pressage \u00e0 chaud, ne laissant pas plus de 6% d'huile dans le tourteau. Certifi\u00e9e CE et conforme aux normes de s\u00e9curit\u00e9 de l'UE, elle offre un acc\u00e8s au march\u00e9 et une garantie de qualit\u00e9 aux acheteurs internationaux.<\/div>","protected":false},"featured_media":20762,"comment_status":"open","ping_status":"closed","template":"","meta":{"_acf_changed":false},"product_brand":[],"product_cat":[75],"product_tag":[152,150,154,148,153,155,149,147],"class_list":{"0":"post-20803","1":"product","2":"type-product","3":"status-publish","4":"has-post-thumbnail","6":"product_cat-hot-pressing-production-line","7":"product_tag-automatic-oil-press","8":"product_tag-cold-press-oil-machine","9":"product_tag-commercial-oil-press","10":"product_tag-edible-oil-press-machine","11":"product_tag-hot-press-oil-machine","12":"product_tag-industrial-oil-press","13":"product_tag-oil-extraction-machine","14":"product_tag-screw-oil-press","15":"pa_color-gradient","16":"pa_color-sand","17":"pa_color-sky","18":"pa_color-space","19":"pa_color-stone","20":"pa_color-white","22":"first","23":"instock","24":"sale","25":"downloadable","26":"virtual","27":"purchasable","28":"product-type-simple"},"acf":[],"yoast_head":"<!-- This site is optimized with the Yoast SEO Premium plugin v26.6 (Yoast SEO v26.6) - https:\/\/yoast.com\/wordpress\/plugins\/seo\/ -->\n<title>Customizable Screw Oil Expeller Line Manufacturer - Henan Olive Technology Co., Ltd.<\/title>\n<meta name=\"robots\" content=\"index, follow, max-snippet:-1, max-image-preview:large, max-video-preview:-1\" \/>\n<link rel=\"canonical\" href=\"https:\/\/refineoilpro.com\/fr\/produit\/fabricant-de-ligne-de-deshuilage-a-vis-personnalisable\/\" \/>\n<meta property=\"og:locale\" content=\"fr_FR\" \/>\n<meta property=\"og:type\" content=\"article\" \/>\n<meta property=\"og:title\" content=\"Customizable Screw Oil Expeller Line Manufacturer\" \/>\n<meta property=\"og:description\" content=\"This industrial screw oil press is designed for small enterprises, with a capacity of 150-230kg\/h, a screw diameter of 100mm, and fully automatic operation, ensuring high productivity and saving labor costs. This machine supports both cold pressing and hot pressing methods, leaving no more than 6% of oil in the cake. Certified by CE and in compliance with EU safety standards, it provides market access and quality assurance for global buyers.\" \/>\n<meta property=\"og:url\" content=\"https:\/\/refineoilpro.com\/fr\/produit\/fabricant-de-ligne-de-deshuilage-a-vis-personnalisable\/\" \/>\n<meta property=\"og:site_name\" content=\"Henan Olive Technology Co., Ltd.\" \/>\n<meta property=\"article:modified_time\" content=\"2025-12-05T01:44:53+00:00\" \/>\n<meta property=\"og:image\" content=\"https:\/\/refineoilpro.com\/wp-content\/uploads\/2025\/11\/\u4e3b\u56fe-7.jpg\" \/>\n\t<meta property=\"og:image:width\" content=\"800\" \/>\n\t<meta property=\"og:image:height\" content=\"800\" \/>\n\t<meta property=\"og:image:type\" content=\"image\/jpeg\" \/>\n<meta name=\"twitter:card\" content=\"summary_large_image\" \/>\n<meta name=\"twitter:label1\" content=\"Dur\u00e9e de lecture estim\u00e9e\" \/>\n\t<meta name=\"twitter:data1\" content=\"1 minute\" \/>\n<script type=\"application\/ld+json\" class=\"yoast-schema-graph\">{\"@context\":\"https:\/\/schema.org\",\"@graph\":[{\"@type\":\"WebPage\",\"@id\":\"https:\/\/refineoilpro.com\/zh\/product\/customizable-screw-oil-expeller-line-manufacturer\/\",\"url\":\"https:\/\/refineoilpro.com\/zh\/product\/customizable-screw-oil-expeller-line-manufacturer\/\",\"name\":\"Customizable Screw Oil Expeller Line Manufacturer - Henan Olive Technology Co., Ltd.\",\"isPartOf\":{\"@id\":\"https:\/\/refineoilpro.com\/#website\"},\"primaryImageOfPage\":{\"@id\":\"https:\/\/refineoilpro.com\/zh\/product\/customizable-screw-oil-expeller-line-manufacturer\/#primaryimage\"},\"image\":{\"@id\":\"https:\/\/refineoilpro.com\/zh\/product\/customizable-screw-oil-expeller-line-manufacturer\/#primaryimage\"},\"thumbnailUrl\":\"https:\/\/refineoilpro.com\/wp-content\/uploads\/2025\/11\/\u4e3b\u56fe-7.jpg\",\"datePublished\":\"2025-11-20T07:40:18+00:00\",\"dateModified\":\"2025-12-05T01:44:53+00:00\",\"breadcrumb\":{\"@id\":\"https:\/\/refineoilpro.com\/zh\/product\/customizable-screw-oil-expeller-line-manufacturer\/#breadcrumb\"},\"inLanguage\":\"fr-FR\",\"potentialAction\":[{\"@type\":\"ReadAction\",\"target\":[\"https:\/\/refineoilpro.com\/zh\/product\/customizable-screw-oil-expeller-line-manufacturer\/\"]}]},{\"@type\":\"ImageObject\",\"inLanguage\":\"fr-FR\",\"@id\":\"https:\/\/refineoilpro.com\/zh\/product\/customizable-screw-oil-expeller-line-manufacturer\/#primaryimage\",\"url\":\"https:\/\/refineoilpro.com\/wp-content\/uploads\/2025\/11\/\u4e3b\u56fe-7.jpg\",\"contentUrl\":\"https:\/\/refineoilpro.com\/wp-content\/uploads\/2025\/11\/\u4e3b\u56fe-7.jpg\",\"width\":800,\"height\":800},{\"@type\":\"BreadcrumbList\",\"@id\":\"https:\/\/refineoilpro.com\/zh\/product\/customizable-screw-oil-expeller-line-manufacturer\/#breadcrumb\",\"itemListElement\":[{\"@type\":\"ListItem\",\"position\":1,\"name\":\"Home\",\"item\":\"https:\/\/refineoilpro.com\/\"},{\"@type\":\"ListItem\",\"position\":2,\"name\":\"Product\",\"item\":\"https:\/\/refineoilpro.com\/product\/\"},{\"@type\":\"ListItem\",\"position\":3,\"name\":\"Customizable Screw Oil Expeller Line Manufacturer\"}]},{\"@type\":\"WebSite\",\"@id\":\"https:\/\/refineoilpro.com\/#website\",\"url\":\"https:\/\/refineoilpro.com\/\",\"name\":\"Henan Olive Technology Co., Ltd.\",\"description\":\"Reliable Machinery Solutions for Food, Agriculture &amp; Packaging\",\"publisher\":{\"@id\":\"https:\/\/refineoilpro.com\/#organization\"},\"potentialAction\":[{\"@type\":\"SearchAction\",\"target\":{\"@type\":\"EntryPoint\",\"urlTemplate\":\"https:\/\/refineoilpro.com\/?s={search_term_string}\"},\"query-input\":{\"@type\":\"PropertyValueSpecification\",\"valueRequired\":true,\"valueName\":\"search_term_string\"}}],\"inLanguage\":\"fr-FR\"},{\"@type\":\"Organization\",\"@id\":\"https:\/\/refineoilpro.com\/#organization\",\"name\":\"Henan Olive Technology Co., Ltd.\",\"url\":\"https:\/\/refineoilpro.com\/\",\"logo\":{\"@type\":\"ImageObject\",\"inLanguage\":\"fr-FR\",\"@id\":\"https:\/\/refineoilpro.com\/#\/schema\/logo\/image\/\",\"url\":\"https:\/\/refineoilpro.com\/wp-content\/uploads\/2025\/12\/\u516c\u53f8Logo.png\",\"contentUrl\":\"https:\/\/refineoilpro.com\/wp-content\/uploads\/2025\/12\/\u516c\u53f8Logo.png\",\"width\":375,\"height\":375,\"caption\":\"Henan Olive Technology Co., Ltd.\"},\"image\":{\"@id\":\"https:\/\/refineoilpro.com\/#\/schema\/logo\/image\/\"}}]}<\/script>\n<!-- \/ Yoast SEO Premium plugin. -->","yoast_head_json":{"title":"Ligne d'extraction d'huile \u00e0 vis personnalisable - Henan Olive Technology Co.","robots":{"index":"index","follow":"follow","max-snippet":"max-snippet:-1","max-image-preview":"max-image-preview:large","max-video-preview":"max-video-preview:-1"},"canonical":"https:\/\/refineoilpro.com\/fr\/produit\/fabricant-de-ligne-de-deshuilage-a-vis-personnalisable\/","og_locale":"fr_FR","og_type":"article","og_title":"Customizable Screw Oil Expeller Line Manufacturer","og_description":"This industrial screw oil press is designed for small enterprises, with a capacity of 150-230kg\/h, a screw diameter of 100mm, and fully automatic operation, ensuring high productivity and saving labor costs. This machine supports both cold pressing and hot pressing methods, leaving no more than 6% of oil in the cake. Certified by CE and in compliance with EU safety standards, it provides market access and quality assurance for global buyers.","og_url":"https:\/\/refineoilpro.com\/fr\/produit\/fabricant-de-ligne-de-deshuilage-a-vis-personnalisable\/","og_site_name":"Henan Olive Technology Co., Ltd.","article_modified_time":"2025-12-05T01:44:53+00:00","og_image":[{"width":800,"height":800,"url":"https:\/\/refineoilpro.com\/wp-content\/uploads\/2025\/11\/\u4e3b\u56fe-7.jpg","type":"image\/jpeg"}],"twitter_card":"summary_large_image","twitter_misc":{"Dur\u00e9e de lecture estim\u00e9e":"1 minute"},"schema":{"@context":"https:\/\/schema.org","@graph":[{"@type":"WebPage","@id":"https:\/\/refineoilpro.com\/zh\/product\/customizable-screw-oil-expeller-line-manufacturer\/","url":"https:\/\/refineoilpro.com\/zh\/product\/customizable-screw-oil-expeller-line-manufacturer\/","name":"Ligne d'extraction d'huile \u00e0 vis personnalisable - Henan Olive Technology Co.","isPartOf":{"@id":"https:\/\/refineoilpro.com\/#website"},"primaryImageOfPage":{"@id":"https:\/\/refineoilpro.com\/zh\/product\/customizable-screw-oil-expeller-line-manufacturer\/#primaryimage"},"image":{"@id":"https:\/\/refineoilpro.com\/zh\/product\/customizable-screw-oil-expeller-line-manufacturer\/#primaryimage"},"thumbnailUrl":"https:\/\/refineoilpro.com\/wp-content\/uploads\/2025\/11\/\u4e3b\u56fe-7.jpg","datePublished":"2025-11-20T07:40:18+00:00","dateModified":"2025-12-05T01:44:53+00:00","breadcrumb":{"@id":"https:\/\/refineoilpro.com\/zh\/product\/customizable-screw-oil-expeller-line-manufacturer\/#breadcrumb"},"inLanguage":"fr-FR","potentialAction":[{"@type":"ReadAction","target":["https:\/\/refineoilpro.com\/zh\/product\/customizable-screw-oil-expeller-line-manufacturer\/"]}]},{"@type":"ImageObject","inLanguage":"fr-FR","@id":"https:\/\/refineoilpro.com\/zh\/product\/customizable-screw-oil-expeller-line-manufacturer\/#primaryimage","url":"https:\/\/refineoilpro.com\/wp-content\/uploads\/2025\/11\/\u4e3b\u56fe-7.jpg","contentUrl":"https:\/\/refineoilpro.com\/wp-content\/uploads\/2025\/11\/\u4e3b\u56fe-7.jpg","width":800,"height":800},{"@type":"BreadcrumbList","@id":"https:\/\/refineoilpro.com\/zh\/product\/customizable-screw-oil-expeller-line-manufacturer\/#breadcrumb","itemListElement":[{"@type":"ListItem","position":1,"name":"Home","item":"https:\/\/refineoilpro.com\/"},{"@type":"ListItem","position":2,"name":"Product","item":"https:\/\/refineoilpro.com\/product\/"},{"@type":"ListItem","position":3,"name":"Customizable Screw Oil Expeller Line Manufacturer"}]},{"@type":"WebSite","@id":"https:\/\/refineoilpro.com\/#website","url":"https:\/\/refineoilpro.com\/","name":"Henan Olive Technology Co.","description":"Des solutions fiables pour l'alimentation, l'agriculture et l'emballage","publisher":{"@id":"https:\/\/refineoilpro.com\/#organization"},"potentialAction":[{"@type":"SearchAction","target":{"@type":"EntryPoint","urlTemplate":"https:\/\/refineoilpro.com\/?s={search_term_string}"},"query-input":{"@type":"PropertyValueSpecification","valueRequired":true,"valueName":"search_term_string"}}],"inLanguage":"fr-FR"},{"@type":"Organization","@id":"https:\/\/refineoilpro.com\/#organization","name":"Henan Olive Technology Co.","url":"https:\/\/refineoilpro.com\/","logo":{"@type":"ImageObject","inLanguage":"fr-FR","@id":"https:\/\/refineoilpro.com\/#\/schema\/logo\/image\/","url":"https:\/\/refineoilpro.com\/wp-content\/uploads\/2025\/12\/\u516c\u53f8Logo.png","contentUrl":"https:\/\/refineoilpro.com\/wp-content\/uploads\/2025\/12\/\u516c\u53f8Logo.png","width":375,"height":375,"caption":"Henan Olive Technology Co., Ltd."},"image":{"@id":"https:\/\/refineoilpro.com\/#\/schema\/logo\/image\/"}}]}},"_links":{"self":[{"href":"https:\/\/refineoilpro.com\/fr\/wp-json\/wp\/v2\/product\/20803","targetHints":{"allow":["GET"]}}],"collection":[{"href":"https:\/\/refineoilpro.com\/fr\/wp-json\/wp\/v2\/product"}],"about":[{"href":"https:\/\/refineoilpro.com\/fr\/wp-json\/wp\/v2\/types\/product"}],"replies":[{"embeddable":true,"href":"https:\/\/refineoilpro.com\/fr\/wp-json\/wp\/v2\/comments?post=20803"}],"version-history":[{"count":14,"href":"https:\/\/refineoilpro.com\/fr\/wp-json\/wp\/v2\/product\/20803\/revisions"}],"predecessor-version":[{"id":20826,"href":"https:\/\/refineoilpro.com\/fr\/wp-json\/wp\/v2\/product\/20803\/revisions\/20826"}],"wp:featuredmedia":[{"embeddable":true,"href":"https:\/\/refineoilpro.com\/fr\/wp-json\/wp\/v2\/media\/20762"}],"wp:attachment":[{"href":"https:\/\/refineoilpro.com\/fr\/wp-json\/wp\/v2\/media?parent=20803"}],"wp:term":[{"taxonomy":"product_brand","embeddable":true,"href":"https:\/\/refineoilpro.com\/fr\/wp-json\/wp\/v2\/product_brand?post=20803"},{"taxonomy":"product_cat","embeddable":true,"href":"https:\/\/refineoilpro.com\/fr\/wp-json\/wp\/v2\/product_cat?post=20803"},{"taxonomy":"product_tag","embeddable":true,"href":"https:\/\/refineoilpro.com\/fr\/wp-json\/wp\/v2\/product_tag?post=20803"}],"curies":[{"name":"wp","href":"https:\/\/api.w.org\/{rel}","templated":true}]}}