{"id":5495,"date":"2023-02-01T15:35:10","date_gmt":"2023-02-01T15:35:10","guid":{"rendered":"https:\/\/refineoilpro.com\/product\/product009\/"},"modified":"2025-10-24T13:04:42","modified_gmt":"2025-10-24T13:04:42","slug":"produit009","status":"publish","type":"product","link":"https:\/\/refineoilpro.com\/fr\/produit\/produit009\/","title":{"rendered":"Batterie lithium-ion 51,2V 100A avec BMS avanc\u00e9 pour montage mural"},"content":{"rendered":"<div data-elementor-type=\"product-post\" data-elementor-id=\"5495\" class=\"elementor elementor-5495\" data-elementor-settings=\"{&quot;element_pack_global_tooltip_width&quot;:{&quot;unit&quot;:&quot;px&quot;,&quot;size&quot;:&quot;&quot;,&quot;sizes&quot;:[]},&quot;element_pack_global_tooltip_width_tablet&quot;:{&quot;unit&quot;:&quot;px&quot;,&quot;size&quot;:&quot;&quot;,&quot;sizes&quot;:[]},&quot;element_pack_global_tooltip_width_mobile&quot;:{&quot;unit&quot;:&quot;px&quot;,&quot;size&quot;:&quot;&quot;,&quot;sizes&quot;:[]},&quot;element_pack_global_tooltip_padding&quot;:{&quot;unit&quot;:&quot;px&quot;,&quot;top&quot;:&quot;&quot;,&quot;right&quot;:&quot;&quot;,&quot;bottom&quot;:&quot;&quot;,&quot;left&quot;:&quot;&quot;,&quot;isLinked&quot;:true},&quot;element_pack_global_tooltip_padding_tablet&quot;:{&quot;unit&quot;:&quot;px&quot;,&quot;top&quot;:&quot;&quot;,&quot;right&quot;:&quot;&quot;,&quot;bottom&quot;:&quot;&quot;,&quot;left&quot;:&quot;&quot;,&quot;isLinked&quot;:true},&quot;element_pack_global_tooltip_padding_mobile&quot;:{&quot;unit&quot;:&quot;px&quot;,&quot;top&quot;:&quot;&quot;,&quot;right&quot;:&quot;&quot;,&quot;bottom&quot;:&quot;&quot;,&quot;left&quot;:&quot;&quot;,&quot;isLinked&quot;:true},&quot;element_pack_global_tooltip_border_radius&quot;:{&quot;unit&quot;:&quot;px&quot;,&quot;top&quot;:&quot;&quot;,&quot;right&quot;:&quot;&quot;,&quot;bottom&quot;:&quot;&quot;,&quot;left&quot;:&quot;&quot;,&quot;isLinked&quot;:true},&quot;element_pack_global_tooltip_border_radius_tablet&quot;:{&quot;unit&quot;:&quot;px&quot;,&quot;top&quot;:&quot;&quot;,&quot;right&quot;:&quot;&quot;,&quot;bottom&quot;:&quot;&quot;,&quot;left&quot;:&quot;&quot;,&quot;isLinked&quot;:true},&quot;element_pack_global_tooltip_border_radius_mobile&quot;:{&quot;unit&quot;:&quot;px&quot;,&quot;top&quot;:&quot;&quot;,&quot;right&quot;:&quot;&quot;,&quot;bottom&quot;:&quot;&quot;,&quot;left&quot;:&quot;&quot;,&quot;isLinked&quot;:true}}\" data-elementor-post-type=\"product\">\n\t\t\t\t<div class=\"elementor-element elementor-element-75b414b7 e-flex e-con-boxed e-con e-parent\" data-id=\"75b414b7\" data-element_type=\"container\">\n\t\t\t\t\t<div class=\"e-con-inner\">\n\t\t\t\t<div class=\"elementor-element elementor-element-75c3cf6 elementor-widget__width-initial elementor-widget elementor-widget-bdt-tabs\" data-id=\"75c3cf6\" data-element_type=\"widget\" data-widget_type=\"bdt-tabs.default\">\n\t\t\t\t\t        <div class=\"bdt-tabs-area\">\n\n            <div id=\"bdt-tabs-75c3cf6-6708\" class=\"bdt-tabs  bdt-tabs-default fullwidth-on-mobile\" data-settings=\"{&quot;id&quot;:&quot;bdt-tabs-75c3cf6-6708&quot;,&quot;activeHash&quot;:&quot;no&quot;,&quot;hashTopOffset&quot;:70,&quot;hashScrollspyTime&quot;:1500,&quot;navStickyOffset&quot;:1,&quot;linkSectionSettings&quot;:[&quot;#chair&quot;,&quot;#bed&quot;,&quot;#sofa&quot;,&quot;#lamp&quot;],&quot;linkWidgetId&quot;:&quot;75c3cf6-6708&quot;}\">\n                        <div class=\"bdt-tab-wrapper bdt-flex bdt-flex-left\">\n            <div class=\"bdt-tabs-wrap-inside\">\n                <div class=\"bdt-tab bdt-tab-default  bdt-flex bdt-flex-left\" data-bdt-tab=\"connect: #bdt-tab-content-75c3cf6-6708;\" data-bdt-height-match=\"target: &gt; .bdt-tabs-item &gt; .bdt-tabs-item-title; row: false;\">\n                                            <div class=\"bdt-tabs-item\">\n                            <a data-title=\"Product-Parameters\" class=\"bdt-tabs-item-title\" id=\"bdt-tab-Product-Parameters\" data-tab-index=\"0\" href=\"#\">\n                                <div class=\"bdt-tab-text-wrapper bdt-flex-column\">\n\n                                    <div class=\"bdt-tab-title-icon-wrapper\">\n\n                                        \n                                                                                    <span class=\"bdt-tab-text\">\n                                                Param\u00e8tres du produit                                            <\/span>\n                                        \n                                        \n                                    <\/div>\n\n                                    \n                                <\/div>\n                            <\/a>\n                        <\/div>\n                                            <div class=\"bdt-tabs-item\">\n                            <a data-title=\"Product-Display\" class=\"bdt-tabs-item-title\" id=\"bdt-tab-Product-Display\" data-tab-index=\"1\" href=\"#\">\n                                <div class=\"bdt-tab-text-wrapper bdt-flex-column\">\n\n                                    <div class=\"bdt-tab-title-icon-wrapper\">\n\n                                        \n                                                                                    <span class=\"bdt-tab-text\">\n                                                Pr\u00e9sentoir de produits                                            <\/span>\n                                        \n                                        \n                                    <\/div>\n\n                                    \n                                <\/div>\n                            <\/a>\n                        <\/div>\n                                            <div class=\"bdt-tabs-item\">\n                            <a data-title=\"Product-Applications\" class=\"bdt-tabs-item-title\" id=\"bdt-tab-Product-Applications\" data-tab-index=\"2\" href=\"#\">\n                                <div class=\"bdt-tab-text-wrapper bdt-flex-column\">\n\n                                    <div class=\"bdt-tab-title-icon-wrapper\">\n\n                                        \n                                                                                    <span class=\"bdt-tab-text\">\n                                                Applications des produits                                            <\/span>\n                                        \n                                        \n                                    <\/div>\n\n                                    \n                                <\/div>\n                            <\/a>\n                        <\/div>\n                                            <div class=\"bdt-tabs-item\">\n                            <a data-title=\"Packaging-and-Transportation\" class=\"bdt-tabs-item-title\" id=\"bdt-tab-Packaging-and-Transportation\" data-tab-index=\"3\" href=\"#\">\n                                <div class=\"bdt-tab-text-wrapper bdt-flex-column\">\n\n                                    <div class=\"bdt-tab-title-icon-wrapper\">\n\n                                        \n                                                                                    <span class=\"bdt-tab-text\">\n                                                Emballage et transport                                            <\/span>\n                                        \n                                        \n                                    <\/div>\n\n                                    \n                                <\/div>\n                            <\/a>\n                        <\/div>\n                                    <\/div>\n            <\/div>\n        <\/div>\n\n        <div class=\"bdt-switcher-wrapper\">\n            <div id=\"bdt-tab-content-75c3cf6-6708\" class=\"bdt-switcher bdt-switcher-item-content\">\n                                                        <div class=\"bdt-tab-content-item\" \n                    data-content-id=\"product-parameters\">\n                        <div>\n                                                    <\/div>\n                    <\/div>\n                                                        <div class=\"bdt-tab-content-item\" \n                    data-content-id=\"product-display\">\n                        <div>\n                                                    <\/div>\n                    <\/div>\n                                                        <div class=\"bdt-tab-content-item\" \n                    data-content-id=\"product-applications\">\n                        <div>\n                                                    <\/div>\n                    <\/div>\n                                                        <div class=\"bdt-tab-content-item\" \n                    data-content-id=\"packaging-and-transportation\">\n                        <div>\n                                                    <\/div>\n                    <\/div>\n                            <\/div>\n        <\/div>\n                    <a href=\"#\" id=\"bottom-anchor-75c3cf6-6708\" data-bdt-hidden><\/a>\n            <\/div>\n        <\/div>\n    \t\t\t\t<\/div>\n\t\t<div class=\"elementor-element elementor-element-4be79ba e-con-full e-flex e-con e-child\" data-id=\"4be79ba\" data-element_type=\"container\" id=\"chair\">\n\t\t\t\t<div class=\"elementor-element elementor-element-701031a elementor-widget elementor-widget-text-editor\" data-id=\"701031a\" data-element_type=\"widget\" data-widget_type=\"text-editor.default\">\n\t\t\t\t\t\t\t\t\t<div class=\"hydraulic-press-wrapper\"><table class=\"hydraulic-press-table\"><thead><tr><th class=\"table-title\" colspan=\"8\">Param\u00e8tres de la presse \u00e0 huile hydraulique<\/th><\/tr><tr class=\"header-row\"><th>Mod\u00e8le<\/th><th>MX180<\/th><th>MX230<\/th><th>MX260<\/th><th>MX320<\/th><th>MX360<\/th><th>MX415<\/th><th>MX460<\/th><\/tr><\/thead><tbody><tr><td class=\"param-name\">Capacit\u00e9 du produit<\/td><td>4kg\/lot<\/td><td>8kg\/lot<\/td><td>12kg\/lot<\/td><td>17kg\/lot<\/td><td>22kg\/lot<\/td><td>30kg\/lot<\/td><td>50kg\/lot<\/td><\/tr><tr><td class=\"param-name\">Cycle de temps du lot<\/td><td>10-12 minutes<\/td><td>8-10 minutes<\/td><td>8-10 minutes<\/td><td>8-10 minutes<\/td><td>12-15 minutes<\/td><td>12-15 minutes<\/td><td>12-15 min<\/td><\/tr><tr><td class=\"param-name\">Puissance<\/td><td>0,75KW<\/td><td>1,5KW<\/td><td>1,5KW<\/td><td>2.2KW<\/td><td>2.2KW<\/td><td>2.2KW<\/td><td>2.2KW<\/td><\/tr><tr><td class=\"param-name\">Pression de service<\/td><td>55-60Mpa<\/td><td>55-60Mpa<\/td><td>55-60Mpa<\/td><td>55-60Mpa<\/td><td>55-60Mpa<\/td><td>55-60Mpa<\/td><td>55-60Mpa<\/td><\/tr><tr><td class=\"param-name\">Contr\u00f4le de la temp\u00e9rature<\/td><td>70\u00b0<\/td><td>70\u00b0<\/td><td>70\u00b0<\/td><td>70\u00b0<\/td><td>70\u00b0<\/td><td>70\u00b0<\/td><td>70\u00b0<\/td><\/tr><tr><td class=\"param-name\">Poids<\/td><td>550 kg<\/td><td>950 kg<\/td><td>1200kg<\/td><td>1700kg<\/td><td>2000kg<\/td><td>2200kg<\/td><td>3000kg<\/td><\/tr><tr><td class=\"param-name\">Surdimensionnement mm<\/td><td>800\u00d7900\u00d71050<\/td><td>900\u00d71000\u00d71400<\/td><td>1050\u00d71200\u00d71650<\/td><td>1120\u00d71200\u00d71650<\/td><td>1200\u00d71200\u00d71680<\/td><td>1250\u00d71250\u00d71700<\/td><td>1450\u00d71450\u00d71950<\/td><\/tr><\/tbody><tfoot><tr><td class=\"table-footer\" colspan=\"8\">La capacit\u00e9 est bas\u00e9e sur le s\u00e9same, les diff\u00e9rentes graines sont sujettes \u00e0 la production r\u00e9elle.<\/td><\/tr><\/tfoot><\/table><\/div><p>\u00a0<\/p>\t\t\t\t\t\t\t\t<\/div>\n\t\t\t\t<\/div>\n\t\t<div class=\"elementor-element elementor-element-dfe487d e-con-full e-flex e-con e-child\" data-id=\"dfe487d\" data-element_type=\"container\" id=\"bed\">\n\t\t\t\t<div class=\"elementor-element elementor-element-2fffa36 elementor-widget elementor-widget-text-editor\" data-id=\"2fffa36\" data-element_type=\"widget\" data-widget_type=\"text-editor.default\">\n\t\t\t\t\t\t\t\t\t<p>Lorem ipsum dolor sit amet, consectetur adipiscing elit. Ut elit tellus, luctus nec ullamcorper mattis, pulvinar dapibus leo.<\/p>\t\t\t\t\t\t\t\t<\/div>\n\t\t\t\t<div class=\"elementor-element elementor-element-3451998 elementor-widget elementor-widget-image\" data-id=\"3451998\" data-element_type=\"widget\" data-widget_type=\"image.default\">\n\t\t\t\t\t\t\t\t\t\t\t\t\t\t\t<img fetchpriority=\"high\" decoding=\"async\" width=\"1346\" height=\"896\" src=\"https:\/\/refineoilpro.com\/wp-content\/uploads\/2025\/10\/After-sales.jpg\" class=\"attachment-2048x2048 size-2048x2048 wp-image-20025\" alt=\"\" srcset=\"https:\/\/refineoilpro.com\/wp-content\/uploads\/2025\/10\/After-sales.jpg 1346w, https:\/\/refineoilpro.com\/wp-content\/uploads\/2025\/10\/After-sales-300x200.jpg 300w, https:\/\/refineoilpro.com\/wp-content\/uploads\/2025\/10\/After-sales-1024x682.jpg 1024w, https:\/\/refineoilpro.com\/wp-content\/uploads\/2025\/10\/After-sales-768x511.jpg 768w, https:\/\/refineoilpro.com\/wp-content\/uploads\/2025\/10\/After-sales-18x12.jpg 18w, https:\/\/refineoilpro.com\/wp-content\/uploads\/2025\/10\/After-sales-1000x666.jpg 1000w\" sizes=\"(max-width: 1346px) 100vw, 1346px\" \/>\t\t\t\t\t\t\t\t\t\t\t\t\t\t\t<\/div>\n\t\t\t\t<\/div>\n\t\t<div class=\"elementor-element elementor-element-df83d6e e-con-full e-flex e-con e-child\" data-id=\"df83d6e\" data-element_type=\"container\" id=\"sofa\">\n\t\t\t\t<div class=\"elementor-element elementor-element-32c7f2e elementor-widget elementor-widget-text-editor\" data-id=\"32c7f2e\" data-element_type=\"widget\" data-widget_type=\"text-editor.default\">\n\t\t\t\t\t\t\t\t\t<p>Lorem ipsum dolor sit amet, consectetur adipiscing elit. Ut elit tellus, luctus nec ullamcorper mattis, pulvinar dapibus leo.<\/p>\t\t\t\t\t\t\t\t<\/div>\n\t\t\t\t<div class=\"elementor-element elementor-element-a9dada8 elementor-widget elementor-widget-image\" data-id=\"a9dada8\" data-element_type=\"widget\" data-widget_type=\"image.default\">\n\t\t\t\t\t\t\t\t\t\t\t\t\t\t\t<img decoding=\"async\" width=\"800\" height=\"450\" src=\"https:\/\/refineoilpro.com\/wp-content\/uploads\/2025\/10\/21.jpg\" class=\"attachment-2048x2048 size-2048x2048 wp-image-19172\" alt=\"\" srcset=\"https:\/\/refineoilpro.com\/wp-content\/uploads\/2025\/10\/21.jpg 800w, https:\/\/refineoilpro.com\/wp-content\/uploads\/2025\/10\/21-300x169.jpg 300w, https:\/\/refineoilpro.com\/wp-content\/uploads\/2025\/10\/21-768x432.jpg 768w, https:\/\/refineoilpro.com\/wp-content\/uploads\/2025\/10\/21-18x10.jpg 18w\" sizes=\"(max-width: 800px) 100vw, 800px\" \/>\t\t\t\t\t\t\t\t\t\t\t\t\t\t\t<\/div>\n\t\t\t\t<\/div>\n\t\t<div class=\"elementor-element elementor-element-43a84d7 e-con-full e-flex e-con e-child\" data-id=\"43a84d7\" data-element_type=\"container\" id=\"lamp\">\n\t\t\t\t<div class=\"elementor-element elementor-element-1da6f01 elementor-widget elementor-widget-text-editor\" data-id=\"1da6f01\" data-element_type=\"widget\" data-widget_type=\"text-editor.default\">\n\t\t\t\t\t\t\t\t\t<p>Lorem ipsum dolor sit amet, consectetur adipiscing elit. Ut elit tellus, luctus nec ullamcorper mattis, pulvinar dapibus leo.<\/p>\t\t\t\t\t\t\t\t<\/div>\n\t\t\t\t<div class=\"elementor-element elementor-element-a19689f elementor-widget elementor-widget-image\" data-id=\"a19689f\" data-element_type=\"widget\" data-widget_type=\"image.default\">\n\t\t\t\t\t\t\t\t\t\t\t\t\t\t\t<img decoding=\"async\" width=\"2048\" height=\"1152\" src=\"https:\/\/refineoilpro.com\/wp-content\/uploads\/2025\/10\/22-2048x1152.jpg\" class=\"attachment-2048x2048 size-2048x2048 wp-image-19173\" alt=\"\" srcset=\"https:\/\/refineoilpro.com\/wp-content\/uploads\/2025\/10\/22-2048x1152.jpg 2048w, https:\/\/refineoilpro.com\/wp-content\/uploads\/2025\/10\/22-300x169.jpg 300w, https:\/\/refineoilpro.com\/wp-content\/uploads\/2025\/10\/22-1024x576.jpg 1024w, https:\/\/refineoilpro.com\/wp-content\/uploads\/2025\/10\/22-768x432.jpg 768w, https:\/\/refineoilpro.com\/wp-content\/uploads\/2025\/10\/22-1536x864.jpg 1536w, https:\/\/refineoilpro.com\/wp-content\/uploads\/2025\/10\/22-18x10.jpg 18w, https:\/\/refineoilpro.com\/wp-content\/uploads\/2025\/10\/22-1000x563.jpg 1000w\" sizes=\"(max-width: 2048px) 100vw, 2048px\" \/>\t\t\t\t\t\t\t\t\t\t\t\t\t\t\t<\/div>\n\t\t\t\t<\/div>\n\t\t\t\t\t<\/div>\n\t\t\t\t<\/div>\n\t\t\t\t<\/div>","protected":false},"excerpt":{"rendered":"<div class=\"prod-desc\">La batterie solaire au lithium LiFePO4 51,2V 100Ah offre un stockage d'\u00e9nergie efficace et durable pour les syst\u00e8mes solaires. \u00c9quip\u00e9e d'un syst\u00e8me de gestion de batterie (BMS) avanc\u00e9, elle garantit des performances et une s\u00e9curit\u00e9 optimales. Son design compact et mural permet d'\u00e9conomiser de l'espace tout en fournissant une \u00e9nergie fiable, ce qui en fait un choix id\u00e9al pour les applications r\u00e9sidentielles et commerciales.<\/div>\n<div class=\"prod-highlights\">\n<div class=\"hl-high-lights\"><\/div>\n<\/div>","protected":false},"featured_media":19512,"comment_status":"open","ping_status":"closed","template":"","meta":{"_acf_changed":false},"product_brand":[],"product_cat":[75],"product_tag":[],"class_list":{"0":"post-5495","1":"product","2":"type-product","3":"status-publish","4":"has-post-thumbnail","6":"product_cat-hot-pressing-production-line","8":"first","9":"instock","10":"downloadable","11":"virtual","12":"purchasable","13":"product-type-simple"},"acf":[],"yoast_head":"<!-- This site is optimized with the Yoast SEO Premium plugin v26.6 (Yoast SEO v26.6) - https:\/\/yoast.com\/wordpress\/plugins\/seo\/ -->\n<title>Wall-Mounted 51.2V 100A Lithium-Ion Battery with Advanced BMS - Henan Olive Technology Co., Ltd.<\/title>\n<meta name=\"robots\" content=\"index, follow, max-snippet:-1, max-image-preview:large, max-video-preview:-1\" \/>\n<link rel=\"canonical\" href=\"https:\/\/refineoilpro.com\/fr\/produit\/produit009\/\" \/>\n<meta property=\"og:locale\" content=\"fr_FR\" \/>\n<meta property=\"og:type\" content=\"article\" \/>\n<meta property=\"og:title\" content=\"Wall-Mounted 51.2V 100A Lithium-Ion Battery with Advanced BMS\" \/>\n<meta property=\"og:description\" content=\"The 51.2V 100Ah LiFePO4 solar lithium battery offers efficient, long-lasting energy storage for solar systems. Equipped with an advanced Battery Management System (BMS), it ensures optimal performance and safety. Its compact, wall-mounted design saves space while providing reliable energy, making it an ideal choice for both residential and commercial applications.\" \/>\n<meta property=\"og:url\" content=\"https:\/\/refineoilpro.com\/fr\/produit\/produit009\/\" \/>\n<meta property=\"og:site_name\" content=\"Henan Olive Technology Co., Ltd.\" \/>\n<meta property=\"article:modified_time\" content=\"2025-10-24T13:04:42+00:00\" \/>\n<meta property=\"og:image\" content=\"https:\/\/refineoilpro.com\/wp-content\/uploads\/2023\/02\/H597778b4d9ba4434ac7b16b4f5fa0ae8E.jpg\" \/>\n\t<meta property=\"og:image:width\" content=\"800\" \/>\n\t<meta property=\"og:image:height\" content=\"800\" \/>\n\t<meta property=\"og:image:type\" content=\"image\/jpeg\" \/>\n<meta name=\"twitter:card\" content=\"summary_large_image\" \/>\n<script type=\"application\/ld+json\" class=\"yoast-schema-graph\">{\"@context\":\"https:\/\/schema.org\",\"@graph\":[{\"@type\":\"WebPage\",\"@id\":\"https:\/\/refineoilpro.com\/fr\/produit\/product009\/\",\"url\":\"https:\/\/refineoilpro.com\/fr\/produit\/product009\/\",\"name\":\"Wall-Mounted 51.2V 100A Lithium-Ion Battery with Advanced BMS - Henan Olive Technology Co., Ltd.\",\"isPartOf\":{\"@id\":\"https:\/\/refineoilpro.com\/#website\"},\"primaryImageOfPage\":{\"@id\":\"https:\/\/refineoilpro.com\/fr\/produit\/product009\/#primaryimage\"},\"image\":{\"@id\":\"https:\/\/refineoilpro.com\/fr\/produit\/product009\/#primaryimage\"},\"thumbnailUrl\":\"https:\/\/refineoilpro.com\/wp-content\/uploads\/2023\/02\/H597778b4d9ba4434ac7b16b4f5fa0ae8E.jpg\",\"datePublished\":\"2023-02-01T15:35:10+00:00\",\"dateModified\":\"2025-10-24T13:04:42+00:00\",\"breadcrumb\":{\"@id\":\"https:\/\/refineoilpro.com\/fr\/produit\/product009\/#breadcrumb\"},\"inLanguage\":\"fr-FR\",\"potentialAction\":[{\"@type\":\"ReadAction\",\"target\":[\"https:\/\/refineoilpro.com\/fr\/produit\/product009\/\"]}]},{\"@type\":\"ImageObject\",\"inLanguage\":\"fr-FR\",\"@id\":\"https:\/\/refineoilpro.com\/fr\/produit\/product009\/#primaryimage\",\"url\":\"https:\/\/refineoilpro.com\/wp-content\/uploads\/2023\/02\/H597778b4d9ba4434ac7b16b4f5fa0ae8E.jpg\",\"contentUrl\":\"https:\/\/refineoilpro.com\/wp-content\/uploads\/2023\/02\/H597778b4d9ba4434ac7b16b4f5fa0ae8E.jpg\",\"width\":800,\"height\":800},{\"@type\":\"BreadcrumbList\",\"@id\":\"https:\/\/refineoilpro.com\/fr\/produit\/product009\/#breadcrumb\",\"itemListElement\":[{\"@type\":\"ListItem\",\"position\":1,\"name\":\"Home\",\"item\":\"https:\/\/refineoilpro.com\/\"},{\"@type\":\"ListItem\",\"position\":2,\"name\":\"Product\",\"item\":\"https:\/\/refineoilpro.com\/product\/\"},{\"@type\":\"ListItem\",\"position\":3,\"name\":\"Wall-Mounted 51.2V 100A Lithium-Ion Battery with Advanced BMS\"}]},{\"@type\":\"WebSite\",\"@id\":\"https:\/\/refineoilpro.com\/#website\",\"url\":\"https:\/\/refineoilpro.com\/\",\"name\":\"Henan Olive Technology Co., Ltd.\",\"description\":\"Reliable Machinery Solutions for Food, Agriculture &amp; Packaging\",\"publisher\":{\"@id\":\"https:\/\/refineoilpro.com\/#organization\"},\"potentialAction\":[{\"@type\":\"SearchAction\",\"target\":{\"@type\":\"EntryPoint\",\"urlTemplate\":\"https:\/\/refineoilpro.com\/?s={search_term_string}\"},\"query-input\":{\"@type\":\"PropertyValueSpecification\",\"valueRequired\":true,\"valueName\":\"search_term_string\"}}],\"inLanguage\":\"fr-FR\"},{\"@type\":\"Organization\",\"@id\":\"https:\/\/refineoilpro.com\/#organization\",\"name\":\"Henan Olive Technology Co., Ltd.\",\"url\":\"https:\/\/refineoilpro.com\/\",\"logo\":{\"@type\":\"ImageObject\",\"inLanguage\":\"fr-FR\",\"@id\":\"https:\/\/refineoilpro.com\/#\/schema\/logo\/image\/\",\"url\":\"https:\/\/refineoilpro.com\/wp-content\/uploads\/2025\/12\/\u516c\u53f8Logo.png\",\"contentUrl\":\"https:\/\/refineoilpro.com\/wp-content\/uploads\/2025\/12\/\u516c\u53f8Logo.png\",\"width\":375,\"height\":375,\"caption\":\"Henan Olive Technology Co., Ltd.\"},\"image\":{\"@id\":\"https:\/\/refineoilpro.com\/#\/schema\/logo\/image\/\"}}]}<\/script>\n<!-- \/ Yoast SEO Premium plugin. -->","yoast_head_json":{"title":"Batterie lithium-ion murale 51,2V 100A avec BMS avanc\u00e9 - Henan Olive Technology Co.","robots":{"index":"index","follow":"follow","max-snippet":"max-snippet:-1","max-image-preview":"max-image-preview:large","max-video-preview":"max-video-preview:-1"},"canonical":"https:\/\/refineoilpro.com\/fr\/produit\/produit009\/","og_locale":"fr_FR","og_type":"article","og_title":"Wall-Mounted 51.2V 100A Lithium-Ion Battery with Advanced BMS","og_description":"The 51.2V 100Ah LiFePO4 solar lithium battery offers efficient, long-lasting energy storage for solar systems. Equipped with an advanced Battery Management System (BMS), it ensures optimal performance and safety. Its compact, wall-mounted design saves space while providing reliable energy, making it an ideal choice for both residential and commercial applications.","og_url":"https:\/\/refineoilpro.com\/fr\/produit\/produit009\/","og_site_name":"Henan Olive Technology Co., Ltd.","article_modified_time":"2025-10-24T13:04:42+00:00","og_image":[{"width":800,"height":800,"url":"https:\/\/refineoilpro.com\/wp-content\/uploads\/2023\/02\/H597778b4d9ba4434ac7b16b4f5fa0ae8E.jpg","type":"image\/jpeg"}],"twitter_card":"summary_large_image","schema":{"@context":"https:\/\/schema.org","@graph":[{"@type":"WebPage","@id":"https:\/\/refineoilpro.com\/fr\/produit\/product009\/","url":"https:\/\/refineoilpro.com\/fr\/produit\/product009\/","name":"Batterie lithium-ion murale 51,2V 100A avec BMS avanc\u00e9 - Henan Olive Technology Co.","isPartOf":{"@id":"https:\/\/refineoilpro.com\/#website"},"primaryImageOfPage":{"@id":"https:\/\/refineoilpro.com\/fr\/produit\/product009\/#primaryimage"},"image":{"@id":"https:\/\/refineoilpro.com\/fr\/produit\/product009\/#primaryimage"},"thumbnailUrl":"https:\/\/refineoilpro.com\/wp-content\/uploads\/2023\/02\/H597778b4d9ba4434ac7b16b4f5fa0ae8E.jpg","datePublished":"2023-02-01T15:35:10+00:00","dateModified":"2025-10-24T13:04:42+00:00","breadcrumb":{"@id":"https:\/\/refineoilpro.com\/fr\/produit\/product009\/#breadcrumb"},"inLanguage":"fr-FR","potentialAction":[{"@type":"ReadAction","target":["https:\/\/refineoilpro.com\/fr\/produit\/product009\/"]}]},{"@type":"ImageObject","inLanguage":"fr-FR","@id":"https:\/\/refineoilpro.com\/fr\/produit\/product009\/#primaryimage","url":"https:\/\/refineoilpro.com\/wp-content\/uploads\/2023\/02\/H597778b4d9ba4434ac7b16b4f5fa0ae8E.jpg","contentUrl":"https:\/\/refineoilpro.com\/wp-content\/uploads\/2023\/02\/H597778b4d9ba4434ac7b16b4f5fa0ae8E.jpg","width":800,"height":800},{"@type":"BreadcrumbList","@id":"https:\/\/refineoilpro.com\/fr\/produit\/product009\/#breadcrumb","itemListElement":[{"@type":"ListItem","position":1,"name":"Home","item":"https:\/\/refineoilpro.com\/"},{"@type":"ListItem","position":2,"name":"Product","item":"https:\/\/refineoilpro.com\/product\/"},{"@type":"ListItem","position":3,"name":"Wall-Mounted 51.2V 100A Lithium-Ion Battery with Advanced BMS"}]},{"@type":"WebSite","@id":"https:\/\/refineoilpro.com\/#website","url":"https:\/\/refineoilpro.com\/","name":"Henan Olive Technology Co.","description":"Des solutions fiables pour l'alimentation, l'agriculture et l'emballage","publisher":{"@id":"https:\/\/refineoilpro.com\/#organization"},"potentialAction":[{"@type":"SearchAction","target":{"@type":"EntryPoint","urlTemplate":"https:\/\/refineoilpro.com\/?s={search_term_string}"},"query-input":{"@type":"PropertyValueSpecification","valueRequired":true,"valueName":"search_term_string"}}],"inLanguage":"fr-FR"},{"@type":"Organization","@id":"https:\/\/refineoilpro.com\/#organization","name":"Henan Olive Technology Co.","url":"https:\/\/refineoilpro.com\/","logo":{"@type":"ImageObject","inLanguage":"fr-FR","@id":"https:\/\/refineoilpro.com\/#\/schema\/logo\/image\/","url":"https:\/\/refineoilpro.com\/wp-content\/uploads\/2025\/12\/\u516c\u53f8Logo.png","contentUrl":"https:\/\/refineoilpro.com\/wp-content\/uploads\/2025\/12\/\u516c\u53f8Logo.png","width":375,"height":375,"caption":"Henan Olive Technology Co., Ltd."},"image":{"@id":"https:\/\/refineoilpro.com\/#\/schema\/logo\/image\/"}}]}},"_links":{"self":[{"href":"https:\/\/refineoilpro.com\/fr\/wp-json\/wp\/v2\/product\/5495","targetHints":{"allow":["GET"]}}],"collection":[{"href":"https:\/\/refineoilpro.com\/fr\/wp-json\/wp\/v2\/product"}],"about":[{"href":"https:\/\/refineoilpro.com\/fr\/wp-json\/wp\/v2\/types\/product"}],"replies":[{"embeddable":true,"href":"https:\/\/refineoilpro.com\/fr\/wp-json\/wp\/v2\/comments?post=5495"}],"version-history":[{"count":40,"href":"https:\/\/refineoilpro.com\/fr\/wp-json\/wp\/v2\/product\/5495\/revisions"}],"predecessor-version":[{"id":20593,"href":"https:\/\/refineoilpro.com\/fr\/wp-json\/wp\/v2\/product\/5495\/revisions\/20593"}],"wp:featuredmedia":[{"embeddable":true,"href":"https:\/\/refineoilpro.com\/fr\/wp-json\/wp\/v2\/media\/19512"}],"wp:attachment":[{"href":"https:\/\/refineoilpro.com\/fr\/wp-json\/wp\/v2\/media?parent=5495"}],"wp:term":[{"taxonomy":"product_brand","embeddable":true,"href":"https:\/\/refineoilpro.com\/fr\/wp-json\/wp\/v2\/product_brand?post=5495"},{"taxonomy":"product_cat","embeddable":true,"href":"https:\/\/refineoilpro.com\/fr\/wp-json\/wp\/v2\/product_cat?post=5495"},{"taxonomy":"product_tag","embeddable":true,"href":"https:\/\/refineoilpro.com\/fr\/wp-json\/wp\/v2\/product_tag?post=5495"}],"curies":[{"name":"wp","href":"https:\/\/api.w.org\/{rel}","templated":true}]}}